{"id":1160,"date":"2026-04-26T14:50:22","date_gmt":"2026-04-26T14:50:22","guid":{"rendered":"https:\/\/fisioterapiacf.com\/?page_id=1160"},"modified":"2026-04-26T15:03:16","modified_gmt":"2026-04-26T15:03:16","slug":"diatermia","status":"publish","type":"page","link":"https:\/\/fisioterapiacf.com\/ca\/servicios\/diatermia\/","title":{"rendered":"Diatermia"},"content":{"rendered":"<div data-elementor-type=\"wp-page\" data-elementor-id=\"1160\" class=\"elementor elementor-1160\" data-elementor-post-type=\"page\">\n\t\t\t\t\t\t<section class=\"elementor-section elementor-top-section elementor-element elementor-element-359b6cc6 elementor-section-full_width elementor-section-height-min-height elementor-section-height-default elementor-section-items-middle\" data-id=\"359b6cc6\" data-element_type=\"section\" data-e-type=\"section\" data-settings=\"{&quot;background_background&quot;:&quot;gradient&quot;}\">\n\t\t\t\t\t\t<div class=\"elementor-container elementor-column-gap-default\">\n\t\t\t\t\t<div class=\"elementor-column elementor-col-100 elementor-top-column elementor-element elementor-element-104c20bf elementor-invisible\" data-id=\"104c20bf\" data-element_type=\"column\" data-e-type=\"column\" data-settings=\"{&quot;background_background&quot;:&quot;classic&quot;,&quot;animation&quot;:&quot;fadeInUp&quot;}\">\n\t\t\t<div class=\"elementor-widget-wrap elementor-element-populated\">\n\t\t\t\t\t\t<div class=\"elementor-element elementor-element-7e5122ed elementor-widget elementor-widget-heading\" data-id=\"7e5122ed\" data-element_type=\"widget\" data-e-type=\"widget\" data-widget_type=\"heading.default\">\n\t\t\t\t<div class=\"elementor-widget-container\">\n\t\t\t\t\t<h1 class=\"elementor-heading-title elementor-size-default\">Diatermia<\/h1>\t\t\t\t<\/div>\n\t\t\t\t<\/div>\n\t\t\t\t\t<\/div>\n\t\t<\/div>\n\t\t\t\t\t<\/div>\n\t\t<\/section>\n\t\t<div class=\"elementor-element elementor-element-5d37b697 e-flex e-con-boxed e-con e-parent\" data-id=\"5d37b697\" data-element_type=\"container\" data-e-type=\"container\">\n\t\t\t\t\t<div class=\"e-con-inner\">\n\t\t\t\t<div class=\"elementor-element elementor-element-23101540 elementor-widget elementor-widget-heading\" data-id=\"23101540\" data-element_type=\"widget\" data-e-type=\"widget\" data-widget_type=\"heading.default\">\n\t\t\t\t<div class=\"elementor-widget-container\">\n\t\t\t\t\t<h2 class=\"elementor-heading-title elementor-size-default\">\u00bfQue es la diatermia o tecarterapia?<\/h2>\t\t\t\t<\/div>\n\t\t\t\t<\/div>\n\t\t\t\t\t<\/div>\n\t\t\t\t<\/div>\n\t\t<div class=\"elementor-element elementor-element-1a1a92b4 e-con-full e-flex e-con e-parent\" data-id=\"1a1a92b4\" data-element_type=\"container\" data-e-type=\"container\">\n\t\t<div class=\"elementor-element elementor-element-1412d990 e-con-full e-flex e-con e-child\" data-id=\"1412d990\" data-element_type=\"container\" data-e-type=\"container\">\n\t\t\t\t<div class=\"elementor-element elementor-element-3b7cbc71 elementor-widget elementor-widget-image\" data-id=\"3b7cbc71\" data-element_type=\"widget\" data-e-type=\"widget\" data-widget_type=\"image.default\">\n\t\t\t\t<div class=\"elementor-widget-container\">\n\t\t\t\t\t\t\t\t\t\t\t\t\t\t\t<img fetchpriority=\"high\" decoding=\"async\" width=\"800\" height=\"534\" src=\"https:\/\/fisioterapiacf.com\/wp-content\/uploads\/2026\/04\/2042-1024x683.jpg\" class=\"attachment-large size-large wp-image-1103\" alt=\"\" srcset=\"https:\/\/fisioterapiacf.com\/wp-content\/uploads\/2026\/04\/2042-1024x683.jpg 1024w, https:\/\/fisioterapiacf.com\/wp-content\/uploads\/2026\/04\/2042-300x200.jpg 300w, https:\/\/fisioterapiacf.com\/wp-content\/uploads\/2026\/04\/2042-768x512.jpg 768w, https:\/\/fisioterapiacf.com\/wp-content\/uploads\/2026\/04\/2042-18x12.jpg 18w, https:\/\/fisioterapiacf.com\/wp-content\/uploads\/2026\/04\/2042.jpg 1500w\" sizes=\"(max-width: 800px) 100vw, 800px\" title=\"\">\t\t\t\t\t\t\t\t\t\t\t\t\t\t\t<\/div>\n\t\t\t\t<\/div>\n\t\t\t\t<\/div>\n\t\t<div class=\"elementor-element elementor-element-4c4ec0c1 e-con-full e-flex e-con e-child\" data-id=\"4c4ec0c1\" data-element_type=\"container\" data-e-type=\"container\">\n\t\t\t\t<div class=\"elementor-element elementor-element-e8367ab elementor-widget elementor-widget-text-editor\" data-id=\"e8367ab\" data-element_type=\"widget\" data-e-type=\"widget\" data-widget_type=\"text-editor.default\">\n\t\t\t\t<div class=\"elementor-widget-container\">\n\t\t\t\t\t\t\t\t\t<p>La<strong><span style=\"color: #00318d;\"> diatermia o tecarterapia<\/span>\u00a0<\/strong>es un tratamiento de fisioterapia basado en la transferencia de energ\u00eda de alta frecuencia que provoca un calentamiento interno controlado en los tejidos del cuerpo.<\/p><p>A diferencia de la termoterapia superficial (como compresas calientes o infrarrojos), la diatermia act\u00faa desde dentro hacia fuera, alcanzando planos profundos como m\u00fasculos, tendones, articulaciones y nervios.<\/p><p>La finalidad de este proceso no es simplemente aportar calor, sino activar una cascada de reacciones fisiol\u00f3gicas que promueven la reparaci\u00f3n tisular y la reducci\u00f3n de s\u00edntomas como dolor, inflamaci\u00f3n o rigidez.<\/p><p>En la pr\u00e1ctica cl\u00ednica, se distinguen dos modos de aplicaci\u00f3n:<\/p><ul><li><strong><em>Capacitivo,<\/em><\/strong> dirigido a tejidos ricos en agua, como m\u00fasculos o edemas.<\/li><li><strong><em>Resistivo,<\/em><\/strong> m\u00e1s \u00fatil en estructuras de baja conductividad como huesos, tendones o ligamentos.<\/li><\/ul><p>Ambas modalidades son complementarias y se eligen en funci\u00f3n de la patolog\u00eda y el objetivo terap\u00e9utico.<\/p>\t\t\t\t\t\t\t\t<\/div>\n\t\t\t\t<\/div>\n\t\t\t\t<\/div>\n\t\t\t\t<\/div>\n\t\t<div class=\"elementor-element elementor-element-5d48f340 e-con-full e-flex e-con e-parent\" data-id=\"5d48f340\" data-element_type=\"container\" data-e-type=\"container\">\n\t\t\t\t<div class=\"elementor-element elementor-element-f5d7d58 elementor-widget elementor-widget-heading\" data-id=\"f5d7d58\" data-element_type=\"widget\" data-e-type=\"widget\" data-widget_type=\"heading.default\">\n\t\t\t\t<div class=\"elementor-widget-container\">\n\t\t\t\t\t<h2 class=\"elementor-heading-title elementor-size-default\">Tipos de aplicaci\u00f3n con el tratamiento de tecarterapia.<\/h2>\t\t\t\t<\/div>\n\t\t\t\t<\/div>\n\t\t\t\t<\/div>\n\t\t<div class=\"elementor-element elementor-element-36b1b812 e-con-full e-flex e-con e-parent\" data-id=\"36b1b812\" data-element_type=\"container\" data-e-type=\"container\">\n\t\t<div class=\"elementor-element elementor-element-1dcc4719 e-con-full e-flex e-con e-child\" data-id=\"1dcc4719\" data-element_type=\"container\" data-e-type=\"container\">\n\t\t\t\t<div class=\"elementor-element elementor-element-6e8d8994 elementor-widget elementor-widget-text-editor\" data-id=\"6e8d8994\" data-element_type=\"widget\" data-e-type=\"widget\" data-widget_type=\"text-editor.default\">\n\t\t\t\t<div class=\"elementor-widget-container\">\n\t\t\t\t\t\t\t\t\t<p>Existen tres tipos de aplicaci\u00f3n dependiendo de la intensidad en la que se trabaje y de los beneficios que se quieran obtener:<\/p><p>\u2013 Intensidad baja o At\u00e9rmico: se estimula la microcirculaci\u00f3n e induce la bioestimulaci\u00f3n celular y se incrementa el consumo de ox\u00edgeno. Esta aplicaci\u00f3n no tiene efecto t\u00e9rmico. Aumenta la circulaci\u00f3n en la matriz extracelular y la activaci\u00f3n de la nutrici\u00f3n celular. Se aplica en:<\/p><ul><li>Edemas e insuficiencias linf\u00e1ticas<\/li><li>Episodios de dolor<\/li><li>Lesiones agudas<\/li><li>Post-operatorio<\/li><li>Tendinitis\u00a0<\/li><\/ul><p>\u2013 Intensidad media o T\u00e9rmico: se generan efectos vasodilatadores. Incremento de la microcirculaci\u00f3n, del drenaje y de la oxigenaci\u00f3n tisular. Ayuda a irrigar las zonas con poco aporte sangu\u00edneo. Se aplica en:<\/p><ul><li>Eliminaci\u00f3n de contracturas<\/li><li>Mejora del tono muscular por d\u00e9ficit circulatorio<\/li><li>Distensi\u00f3n muscular<\/li><li>Pinzamientos<\/li><\/ul><p>\u2013 Intensidad alta o hipert\u00e9rmico: se trabaja con hipertermia activando el metabolismo y estimulando la circulaci\u00f3n. Se produce el drenaje de productos catab\u00f3licos y se activa la estimulaci\u00f3n de los mecanismos end\u00f3genos de recuperaci\u00f3n. Se aplica en:<\/p><ul><li>Procesos cr\u00f3nicos<\/li><li>Tendinopat\u00edas<\/li><li>Fibrosis muscular o capsular<\/li><li>Rigidez articular<\/li><li>Adherencias<\/li><li>Capsulitis<\/li><\/ul>\t\t\t\t\t\t\t\t<\/div>\n\t\t\t\t<\/div>\n\t\t\t\t<\/div>\n\t\t<div class=\"elementor-element elementor-element-147201e5 e-con-full e-flex e-con e-child\" data-id=\"147201e5\" data-element_type=\"container\" data-e-type=\"container\">\n\t\t\t\t<div class=\"elementor-element elementor-element-48c2ec6a elementor-widget elementor-widget-image\" data-id=\"48c2ec6a\" data-element_type=\"widget\" data-e-type=\"widget\" data-widget_type=\"image.default\">\n\t\t\t\t<div class=\"elementor-widget-container\">\n\t\t\t\t\t\t\t\t\t\t\t\t\t\t\t<img decoding=\"async\" width=\"768\" height=\"576\" src=\"https:\/\/fisioterapiacf.com\/wp-content\/uploads\/2026\/04\/diatermia01-768x576.png\" class=\"attachment-medium_large size-medium_large wp-image-1108\" alt=\"\" srcset=\"https:\/\/fisioterapiacf.com\/wp-content\/uploads\/2026\/04\/diatermia01-768x576.png 768w, https:\/\/fisioterapiacf.com\/wp-content\/uploads\/2026\/04\/diatermia01-300x225.png 300w, https:\/\/fisioterapiacf.com\/wp-content\/uploads\/2026\/04\/diatermia01-16x12.png 16w, https:\/\/fisioterapiacf.com\/wp-content\/uploads\/2026\/04\/diatermia01.png 800w\" sizes=\"(max-width: 768px) 100vw, 768px\" title=\"\">\t\t\t\t\t\t\t\t\t\t\t\t\t\t\t<\/div>\n\t\t\t\t<\/div>\n\t\t\t\t<\/div>\n\t\t\t\t<\/div>\n\t\t<div class=\"elementor-element elementor-element-726a14ee e-con-full e-flex e-con e-parent\" data-id=\"726a14ee\" data-element_type=\"container\" data-e-type=\"container\">\n\t\t\t\t<div class=\"elementor-element elementor-element-13c0e7dc elementor-widget elementor-widget-heading\" data-id=\"13c0e7dc\" data-element_type=\"widget\" data-e-type=\"widget\" data-widget_type=\"heading.default\">\n\t\t\t\t<div class=\"elementor-widget-container\">\n\t\t\t\t\t<h2 class=\"elementor-heading-title elementor-size-default\">Indicaciones de la diatermia o tecarterapia en fisioterapia.<\/h2>\t\t\t\t<\/div>\n\t\t\t\t<\/div>\n\t\t\t\t<\/div>\n\t\t<div class=\"elementor-element elementor-element-3a27acc8 e-con-full e-flex e-con e-parent\" data-id=\"3a27acc8\" data-element_type=\"container\" data-e-type=\"container\">\n\t\t<div class=\"elementor-element elementor-element-31698e55 e-con-full e-flex e-con e-child\" data-id=\"31698e55\" data-element_type=\"container\" data-e-type=\"container\">\n\t\t\t\t<div class=\"elementor-element elementor-element-17207f0c elementor-widget elementor-widget-image\" data-id=\"17207f0c\" data-element_type=\"widget\" data-e-type=\"widget\" data-widget_type=\"image.default\">\n\t\t\t\t<div class=\"elementor-widget-container\">\n\t\t\t\t\t\t\t\t\t\t\t\t\t\t\t<img decoding=\"async\" width=\"768\" height=\"512\" src=\"https:\/\/fisioterapiacf.com\/wp-content\/uploads\/2026\/04\/DSCF1476-1-768x512.jpg\" class=\"attachment-medium_large size-medium_large wp-image-1109\" alt=\"\" srcset=\"https:\/\/fisioterapiacf.com\/wp-content\/uploads\/2026\/04\/DSCF1476-1-768x512.jpg 768w, https:\/\/fisioterapiacf.com\/wp-content\/uploads\/2026\/04\/DSCF1476-1-300x200.jpg 300w, https:\/\/fisioterapiacf.com\/wp-content\/uploads\/2026\/04\/DSCF1476-1-1024x683.jpg 1024w, https:\/\/fisioterapiacf.com\/wp-content\/uploads\/2026\/04\/DSCF1476-1-18x12.jpg 18w, https:\/\/fisioterapiacf.com\/wp-content\/uploads\/2026\/04\/DSCF1476-1.jpg 1200w\" sizes=\"(max-width: 768px) 100vw, 768px\" title=\"\">\t\t\t\t\t\t\t\t\t\t\t\t\t\t\t<\/div>\n\t\t\t\t<\/div>\n\t\t\t\t<\/div>\n\t\t<div class=\"elementor-element elementor-element-209cbe2c e-con-full e-flex e-con e-child\" data-id=\"209cbe2c\" data-element_type=\"container\" data-e-type=\"container\">\n\t\t\t\t<div class=\"elementor-element elementor-element-100d2441 elementor-widget elementor-widget-text-editor\" data-id=\"100d2441\" data-element_type=\"widget\" data-e-type=\"widget\" data-widget_type=\"text-editor.default\">\n\t\t\t\t<div class=\"elementor-widget-container\">\n\t\t\t\t\t\t\t\t\t<p>La Tecarterapia como t\u00e9cnica fisioter\u00e1pica est\u00e1 indicada en cualquier patolog\u00eda musculo-esquel\u00e9tica y se puede utilizar para muchas enfermedades, no s\u00f3lo en aplicaciones ortop\u00e9dicas y deportivas, sino tambi\u00e9n vasculares, reumatol\u00f3gicas y est\u00e9ticas.<\/p><p>Los problemas que podemos tratar con Diatermia son:<\/p><ul><li>Patolog\u00eda osteoarticular<\/li><li>Patolog\u00eda muscular<\/li><li>Patolog\u00eda tendinosa<\/li><li>Patolog\u00eda cut\u00e1nea<\/li><li>Patolog\u00eda neurol\u00f3gica<\/li><li>Patolog\u00eda vascular<\/li><\/ul><p>M\u00e1s concretamente:<\/p><ul><li>Dolor de hombro: tendinitis del supraespinoso, segmento largo del b\u00edceps, bursitis, s\u00edndrome de compresi\u00f3n o pinzamiento, etc.<\/li><li>Lesiones musculares, dolores musculares, distensiones o contracturas.<\/li><li>Esguinces de tobillo con tumefacci\u00f3n (hinchaz\u00f3n e inflamaci\u00f3n).<\/li><li>Dolor de tal\u00f3n, espolones, fascitis plantar.<\/li><li>Enfermedades reumatol\u00f3gicas.<\/li><li>Drenaje linf\u00e1tico de las extremidades.<\/li><li>Lumbalgia o dolor de espalda, dolor de cuello, dorsalgia.<\/li><li>Insuficiencias linf\u00e1ticas.<\/li><\/ul><p>Si bien es cierto que puede utilizarse pr\u00e1cticamente en todos los pacientes (incluso si hay placas de osteos\u00edntesis o pr\u00f3tesis end\u00f3genas), presenta ciertas contraindicaciones importantes como son los MARCAPASOS, el EMBARAZO y las alteraciones de la SENSIBILIDAD CUT\u00c1NEA.<\/p>\t\t\t\t\t\t\t\t<\/div>\n\t\t\t\t<\/div>\n\t\t\t\t<\/div>\n\t\t\t\t<\/div>\n\t\t<div class=\"elementor-element elementor-element-3c7ac33e e-con-full e-flex e-con e-parent\" data-id=\"3c7ac33e\" data-element_type=\"container\" data-e-type=\"container\">\n\t\t\t\t<div class=\"elementor-element elementor-element-7cdae5e9 elementor-widget elementor-widget-heading\" data-id=\"7cdae5e9\" data-element_type=\"widget\" data-e-type=\"widget\" data-widget_type=\"heading.default\">\n\t\t\t\t<div class=\"elementor-widget-container\">\n\t\t\t\t\t<h2 class=\"elementor-heading-title elementor-size-default\">Beneficios de la diatermia (tecarterapia)<\/h2>\t\t\t\t<\/div>\n\t\t\t\t<\/div>\n\t\t\t\t<\/div>\n\t\t<div class=\"elementor-element elementor-element-20f14d9f e-con-full e-flex e-con e-parent\" data-id=\"20f14d9f\" data-element_type=\"container\" data-e-type=\"container\">\n\t\t<div class=\"elementor-element elementor-element-1b233cb4 e-con-full e-flex e-con e-child\" data-id=\"1b233cb4\" data-element_type=\"container\" data-e-type=\"container\">\n\t\t\t\t<div class=\"elementor-element elementor-element-386b1a00 elementor-widget elementor-widget-text-editor\" data-id=\"386b1a00\" data-element_type=\"widget\" data-e-type=\"widget\" data-widget_type=\"text-editor.default\">\n\t\t\t\t<div class=\"elementor-widget-container\">\n\t\t\t\t\t\t\t\t\t<p>\u2022 Aumento del flujo sangu\u00edneo y mejora de la circulaci\u00f3n sangu\u00ednea y linf\u00e1tica, acompa\u00f1ada siempre de la terapia manual.<\/p><p>\u2022 Nutrici\u00f3n celular y, consecuentemente, una mayor cicatrizaci\u00f3n y regeneraci\u00f3n celular y de los tejidos,<\/p><p>\u2022 Maduraci\u00f3n de las fibras de col\u00e1geno y elastificaci\u00f3n de los tejidos, lo que acelera y mejora el proceso de rehabilitaci\u00f3n en patolog\u00edas como artrosis o capsulitis.<\/p><p>\u2022 Disminuci\u00f3n de la rigidez muscular.<\/p><p>\u2022 Mejora del metabolismo.<\/p><p>\u2022 Drenaje linf\u00e1tico y n\u00f3dulos de grasa que, adem\u00e1s, en Fisami complementamos con el drenaje linf\u00e1tico manual, una combinaci\u00f3n muy recomendada en enfermedades como el c\u00e1ncer, que acarrea en m\u00faltiples ocasiones linfedemas o acumulaciones de grasa.<\/p><p>\u2022 Aumento la temperatura de los tejidos.<\/p><p>\u2022 Reducci\u00f3n del dolor de manera progresiva, acelerando la rehabilitaci\u00f3n gracias a la regeneraci\u00f3n de tejidos, lo que la hace ideal para el tratamiento de lesiones deportivas.<\/p>\t\t\t\t\t\t\t\t<\/div>\n\t\t\t\t<\/div>\n\t\t\t\t<\/div>\n\t\t<div class=\"elementor-element elementor-element-6c057041 e-con-full e-flex e-con e-child\" data-id=\"6c057041\" data-element_type=\"container\" data-e-type=\"container\">\n\t\t\t\t<div class=\"elementor-element elementor-element-42fcb125 elementor-widget elementor-widget-image\" data-id=\"42fcb125\" data-element_type=\"widget\" data-e-type=\"widget\" data-widget_type=\"image.default\">\n\t\t\t\t<div class=\"elementor-widget-container\">\n\t\t\t\t\t\t\t\t\t\t\t\t\t\t\t<img loading=\"lazy\" decoding=\"async\" width=\"768\" height=\"878\" src=\"https:\/\/fisioterapiacf.com\/wp-content\/uploads\/2026\/04\/DSCF1296-e1733871956214-768x878.jpg\" class=\"attachment-medium_large size-medium_large wp-image-1111\" alt=\"\" srcset=\"https:\/\/fisioterapiacf.com\/wp-content\/uploads\/2026\/04\/DSCF1296-e1733871956214-768x878.jpg 768w, https:\/\/fisioterapiacf.com\/wp-content\/uploads\/2026\/04\/DSCF1296-e1733871956214-263x300.jpg 263w, https:\/\/fisioterapiacf.com\/wp-content\/uploads\/2026\/04\/DSCF1296-e1733871956214-896x1024.jpg 896w, https:\/\/fisioterapiacf.com\/wp-content\/uploads\/2026\/04\/DSCF1296-e1733871956214-1344x1536.jpg 1344w, https:\/\/fisioterapiacf.com\/wp-content\/uploads\/2026\/04\/DSCF1296-e1733871956214-11x12.jpg 11w, https:\/\/fisioterapiacf.com\/wp-content\/uploads\/2026\/04\/DSCF1296-e1733871956214.jpg 1365w\" sizes=\"(max-width: 768px) 100vw, 768px\" title=\"\">\t\t\t\t\t\t\t\t\t\t\t\t\t\t\t<\/div>\n\t\t\t\t<\/div>\n\t\t\t\t<\/div>\n\t\t\t\t<\/div>\n\t\t\t\t<\/div>","protected":false},"excerpt":{"rendered":"<p>Diatermia \u00bfQue es la diatermia o tecarterapia? La diatermia o tecarterapia\u00a0es un tratamiento de fisioterapia basado en la transferencia de energ\u00eda de alta frecuencia que provoca un calentamiento interno controlado en los tejidos del cuerpo. A diferencia de la termoterapia superficial (como compresas calientes o infrarrojos), la diatermia act\u00faa desde dentro hacia fuera, alcanzando planos [&hellip;]<\/p>\n","protected":false},"author":1,"featured_media":1102,"parent":54,"menu_order":0,"comment_status":"closed","ping_status":"closed","template":"","meta":{"footnotes":""},"class_list":["post-1160","page","type-page","status-publish","has-post-thumbnail","hentry"],"_links":{"self":[{"href":"https:\/\/fisioterapiacf.com\/ca\/wp-json\/wp\/v2\/pages\/1160","targetHints":{"allow":["GET"]}}],"collection":[{"href":"https:\/\/fisioterapiacf.com\/ca\/wp-json\/wp\/v2\/pages"}],"about":[{"href":"https:\/\/fisioterapiacf.com\/ca\/wp-json\/wp\/v2\/types\/page"}],"author":[{"embeddable":true,"href":"https:\/\/fisioterapiacf.com\/ca\/wp-json\/wp\/v2\/users\/1"}],"replies":[{"embeddable":true,"href":"https:\/\/fisioterapiacf.com\/ca\/wp-json\/wp\/v2\/comments?post=1160"}],"version-history":[{"count":5,"href":"https:\/\/fisioterapiacf.com\/ca\/wp-json\/wp\/v2\/pages\/1160\/revisions"}],"predecessor-version":[{"id":1167,"href":"https:\/\/fisioterapiacf.com\/ca\/wp-json\/wp\/v2\/pages\/1160\/revisions\/1167"}],"up":[{"embeddable":true,"href":"https:\/\/fisioterapiacf.com\/ca\/wp-json\/wp\/v2\/pages\/54"}],"wp:featuredmedia":[{"embeddable":true,"href":"https:\/\/fisioterapiacf.com\/ca\/wp-json\/wp\/v2\/media\/1102"}],"wp:attachment":[{"href":"https:\/\/fisioterapiacf.com\/ca\/wp-json\/wp\/v2\/media?parent=1160"}],"curies":[{"name":"wp","href":"https:\/\/api.w.org\/{rel}","templated":true}]}}