{"id":235,"date":"2024-01-22T19:29:22","date_gmt":"2024-01-22T19:29:22","guid":{"rendered":"https:\/\/fisioterapiacf.com\/?page_id=235"},"modified":"2026-04-26T15:41:24","modified_gmt":"2026-04-26T15:41:24","slug":"fisioterapia","status":"publish","type":"page","link":"https:\/\/fisioterapiacf.com\/ca\/servicios\/fisioterapia\/","title":{"rendered":"Fisioter\u00e0pia"},"content":{"rendered":"<div data-elementor-type=\"wp-page\" data-elementor-id=\"235\" class=\"elementor elementor-235\" data-elementor-post-type=\"page\">\n\t\t\t\t\t\t<section class=\"elementor-section elementor-top-section elementor-element elementor-element-31bfe789 elementor-section-full_width elementor-section-height-min-height elementor-section-height-default elementor-section-items-middle\" data-id=\"31bfe789\" data-element_type=\"section\" data-e-type=\"section\" data-settings=\"{&quot;background_background&quot;:&quot;gradient&quot;}\">\n\t\t\t\t\t\t<div class=\"elementor-container elementor-column-gap-default\">\n\t\t\t\t\t<div class=\"elementor-column elementor-col-100 elementor-top-column elementor-element elementor-element-be3db5a elementor-invisible\" data-id=\"be3db5a\" data-element_type=\"column\" data-e-type=\"column\" data-settings=\"{&quot;background_background&quot;:&quot;classic&quot;,&quot;animation&quot;:&quot;fadeInUp&quot;}\">\n\t\t\t<div class=\"elementor-widget-wrap elementor-element-populated\">\n\t\t\t\t\t\t<div class=\"elementor-element elementor-element-403429ce elementor-widget elementor-widget-heading\" data-id=\"403429ce\" data-element_type=\"widget\" data-e-type=\"widget\" data-widget_type=\"heading.default\">\n\t\t\t\t<div class=\"elementor-widget-container\">\n\t\t\t\t\t<h1 class=\"elementor-heading-title elementor-size-default\">Fisioter\u00e0pia<\/h1>\t\t\t\t<\/div>\n\t\t\t\t<\/div>\n\t\t\t\t\t<\/div>\n\t\t<\/div>\n\t\t\t\t\t<\/div>\n\t\t<\/section>\n\t\t\t\t<section class=\"elementor-section elementor-top-section elementor-element elementor-element-67c14fd4 elementor-section-boxed elementor-section-height-default elementor-section-height-default\" data-id=\"67c14fd4\" data-element_type=\"section\" data-e-type=\"section\">\n\t\t\t\t\t\t<div class=\"elementor-container elementor-column-gap-default\">\n\t\t\t\t\t<div class=\"elementor-column elementor-col-100 elementor-top-column elementor-element elementor-element-4e2c36bb\" data-id=\"4e2c36bb\" data-element_type=\"column\" data-e-type=\"column\">\n\t\t\t<div class=\"elementor-widget-wrap elementor-element-populated\">\n\t\t\t\t\t\t<div class=\"elementor-element elementor-element-61a987b0 elementor-widget elementor-widget-heading\" data-id=\"61a987b0\" data-element_type=\"widget\" data-e-type=\"widget\" data-widget_type=\"heading.default\">\n\t\t\t\t<div class=\"elementor-widget-container\">\n\t\t\t\t\t<h2 class=\"elementor-heading-title elementor-size-default\">Fisioter\u00e0pia i recuperaci\u00f3 funcional<\/h2>\t\t\t\t<\/div>\n\t\t\t\t<\/div>\n\t\t\t\t<div class=\"elementor-element elementor-element-1a8692e5 elementor-widget elementor-widget-text-editor\" data-id=\"1a8692e5\" data-element_type=\"widget\" data-e-type=\"widget\" data-widget_type=\"text-editor.default\">\n\t\t\t\t<div class=\"elementor-widget-container\">\n\t\t\t\t\t\t\t\t\t<p data-wp-editing=\"1\"><span style=\"color: #000000;\">La Fisioterapia configura una de les ter\u00e0pies pilars de la medicina, i persegueix la<img fetchpriority=\"high\" decoding=\"async\" class=\"alignright wp-image-330 size-full\" src=\"https:\/\/fisioterapiacf.com\/wp-content\/uploads\/masaje1-1.png\" alt=\"\" width=\"300\" height=\"225\" title=\"\"> prevenci\u00f3, tractament i recuperaci\u00f3 de malalties i lesions mitjan\u00e7ant l\u2019\u00fas de diversos tractaments f\u00edsics. Entre els diversos m\u00e8todes f\u00edsics que aplica el fisioterapeuta, el m\u00e9s important \u00e9s la ter\u00e0pia manual (en les seves diverses concepcions, ja siguin diferents tipus de massatges, mobilitzaci\u00f3 d\u2019articulacions, manipulaci\u00f3 vertebral, higiene postural, etc.), malgrat que tamb\u00e9 que es recolza en altres agents f\u00edsics, ja sigui per al diagn\u00f2stic o per al propi tractament, tals com l\u2019aigua, el moviment, la temperatura, l\u2019electricitat, els exercicis terap\u00e8utics, etc. La fi que persegueix \u00e9s recuperar, mantenir i augmentar el nivell de salut del pacient i per tant la seva qualitat de vida.<\/span><\/p>\t\t\t\t\t\t\t\t<\/div>\n\t\t\t\t<\/div>\n\t\t\t\t\t<\/div>\n\t\t<\/div>\n\t\t\t\t\t<\/div>\n\t\t<\/section>\n\t\t\t\t<section class=\"elementor-section elementor-top-section elementor-element elementor-element-136535c7 elementor-section-boxed elementor-section-height-default elementor-section-height-default\" data-id=\"136535c7\" data-element_type=\"section\" data-e-type=\"section\">\n\t\t\t\t\t\t<div class=\"elementor-container elementor-column-gap-default\">\n\t\t\t\t\t<div class=\"elementor-column elementor-col-100 elementor-top-column elementor-element elementor-element-555d1a7d\" data-id=\"555d1a7d\" data-element_type=\"column\" data-e-type=\"column\">\n\t\t\t<div class=\"elementor-widget-wrap elementor-element-populated\">\n\t\t\t\t\t\t<div class=\"elementor-element elementor-element-583943c2 elementor-widget elementor-widget-bdt-tabs\" data-id=\"583943c2\" data-element_type=\"widget\" data-e-type=\"widget\" data-widget_type=\"bdt-tabs.default\">\n\t\t\t\t<div class=\"elementor-widget-container\">\n\t\t\t\t\t\n        <div class=\"bdt-tabs-area\">\n\n            <div id=\"bdt-tabs-583943c2-7201\" class=\"bdt-tabs  bdt-tabs-default fullwidth-on-mobile\" data-settings=\"{&quot;id&quot;:&quot;bdt-tabs-583943c2-7201&quot;,&quot;activeHash&quot;:&quot;no&quot;,&quot;hashTopOffset&quot;:70,&quot;hashScrollspyTime&quot;:1500,&quot;navStickyOffset&quot;:1,&quot;linkWidgetId&quot;:&quot;583943c2-7201&quot;}\">\n                \n                \n                        <div class=\"bdt-tab-wrapper\">\n            <div >\n                <div class=\"bdt-tab bdt-tab-default\" data-bdt-tab=\"connect: #bdt-tab-content-583943c2-7201; animation: bdt-animation-scale-up; duration: 400;\" data-bdt-height-match=\"target: &gt; .bdt-tabs-item &gt; .bdt-tabs-item-title; row: false;\">\n                                            <div class=\"bdt-tabs-item\">\n                            <a data-title=\"Masaje-Terapeutico\" class=\"bdt-tabs-item-title\" id=\"bdt-tab-Masaje-Terapeutico\" data-tab-index=\"0\" href=\"#\">\n                                <div class=\"bdt-tab-text-wrapper bdt-flex-column\">\n\n                                    <div class=\"bdt-tab-title-icon-wrapper\">\n\n                                        \n                                                                                    <span class=\"bdt-tab-text\">\n                                                Massatge Terapeutic                                            <\/span>\n                                        \n                                        \n                                    <\/div>\n\n                                    \n                                <\/div>\n                            <\/a>\n                        <\/div>\n                                            <div class=\"bdt-tabs-item\">\n                            <a data-title=\"Drenaje-Linf\u00e1tico-y-Presoterapia\" class=\"bdt-tabs-item-title\" id=\"bdt-tab-Drenaje-Linf\u00e1tico-y-Presoterapia\" data-tab-index=\"1\" href=\"#\">\n                                <div class=\"bdt-tab-text-wrapper bdt-flex-column\">\n\n                                    <div class=\"bdt-tab-title-icon-wrapper\">\n\n                                        \n                                                                                    <span class=\"bdt-tab-text\">\n                                                Drenatge Linf\u00e0tic i Pressoter\u00e0pia                                            <\/span>\n                                        \n                                        \n                                    <\/div>\n\n                                    \n                                <\/div>\n                            <\/a>\n                        <\/div>\n                                            <div class=\"bdt-tabs-item\">\n                            <a data-title=\"Reflexoterapia\" class=\"bdt-tabs-item-title\" id=\"bdt-tab-Reflexoterapia\" data-tab-index=\"2\" href=\"#\">\n                                <div class=\"bdt-tab-text-wrapper bdt-flex-column\">\n\n                                    <div class=\"bdt-tab-title-icon-wrapper\">\n\n                                        \n                                                                                    <span class=\"bdt-tab-text\">\n                                                Reflexoter\u00e0pia                                            <\/span>\n                                        \n                                        \n                                    <\/div>\n\n                                    \n                                <\/div>\n                            <\/a>\n                        <\/div>\n                                            <div class=\"bdt-tabs-item\">\n                            <a data-title=\"Pold\" class=\"bdt-tabs-item-title\" id=\"bdt-tab-Pold\" data-tab-index=\"3\" href=\"#\">\n                                <div class=\"bdt-tab-text-wrapper bdt-flex-column\">\n\n                                    <div class=\"bdt-tab-title-icon-wrapper\">\n\n                                        \n                                                                                    <span class=\"bdt-tab-text\">\n                                                Pold                                            <\/span>\n                                        \n                                        \n                                    <\/div>\n\n                                    \n                                <\/div>\n                            <\/a>\n                        <\/div>\n                                            <div class=\"bdt-tabs-item\">\n                            <a data-title=\"RPG-o-Reeducaci\u00f3n-Postural-Global\" class=\"bdt-tabs-item-title\" id=\"bdt-tab-RPG-o-Reeducaci\u00f3n-Postural-Global\" data-tab-index=\"4\" href=\"#\">\n                                <div class=\"bdt-tab-text-wrapper bdt-flex-column\">\n\n                                    <div class=\"bdt-tab-title-icon-wrapper\">\n\n                                        \n                                                                                    <span class=\"bdt-tab-text\">\n                                                RPG o Reeducaci\u00f3 Postural Global                                            <\/span>\n                                        \n                                        \n                                    <\/div>\n\n                                    \n                                <\/div>\n                            <\/a>\n                        <\/div>\n                                    <\/div>\n            <\/div>\n        <\/div>\n\n\n                                    \n        <div class=\"bdt-switcher-wrapper\">\n            <div id=\"bdt-tab-content-583943c2-7201\" class=\"bdt-switcher bdt-switcher-item-content\">\n                                                        <div class=\"bdt-tab-content-item\" data-content-id=\"masaje-terapeutico\">\n                        <div>\n                            <p><span style=\"color: #000000;\">Cl\u00e0ssicament, el massatge s\u2019ha definit com \u201cla manipulaci\u00f3 dels teixits amb finalitat  terap\u00e8utica, higi\u00e8nica o esportiva\u201d (H. I E. Kamenetz). Aquesta definici\u00f3 \u00e9s totalment v\u00e0lida en l\u2019actualitat i es correspon amb les m\u00faltiples aplicacions i t\u00e8cniques de massatge, tant les tradicionals com les m\u00e9s actuals, desenvolupades en les \u00faltimes d\u00e8cades, perqu\u00e8 en totes es manipulen els teixits tous (pell, teixit cel\u2022lular subcutani, m\u00fasculs f\u00e0scies i tendons, lligaments i c\u00e0psules, fluids corporals, teixit neural) i totes compleixen alguna de les caracter\u00edstiques de ser, o b\u00e9 higienicopreventives, terap\u00e8utiques o aplicables al m\u00f3n de l\u2019esport. I moltes en dos o tres d\u2019aquestes. \u00c9s cert que avui en dia podem distingir moltes varietats pel que fa tant a l\u2019\u00e0mbit d\u2019aplicaci\u00f3 com als objectius i t\u00e8cniques emprades, at\u00e8s que s\u2019ha desenvolupat, en els \u00faltims anys, una<img decoding=\"async\" class=\"size-medium wp-image-321 alignleft\" src=\"https:\/\/fisioterapiacf.com\/wp-content\/uploads\/2-300x225.png\" alt=\"\" width=\"300\" height=\"225\" title=\"\"> vast\u00edssima<\/span><\/p><p><span style=\"color: #000000;\">col\u2022lecci\u00f3 d\u2019opcions de massatge que pr\u00e0cticament cobreixen totes les nostres necessitats i camps d\u2019actuaci\u00f3 en el m\u00f3n de la Fisioter\u00e0pia.<\/span><\/p><p><span style=\"color: #00318d;\"><strong>Tipus de massatge:<\/strong><\/span><\/p><ul><li><span style=\"color: #000000;\">Massatge relaxant<\/span><\/li><li><span style=\"color: #000000;\">Massatge terap\u00e8utic i descontracturant<\/span><\/li><li><span style=\"color: #000000;\">Drenatge limf\u00e0tic<\/span><\/li><li><span style=\"color: #000000;\">Massatge circulatori<\/span><\/li><li><span style=\"color: #000000;\">Massatge tor\u00e0cic (Clapping)<\/span><\/li><li><span style=\"color: #000000;\">Massatge est\u00e8tic (anticel\u00b7lul\u00edtic, reafirmant, etc.)<\/span><\/li><\/ul><p>\u00a0<\/p>                        <\/div>\n                    <\/div>\n                                                        <div class=\"bdt-tab-content-item\" data-content-id=\"drenaje-linf-tico-y-presoterapia\">\n                        <div>\n                            <div class=\"et_pb_row et_pb_row_0\"><div class=\"et_pb_column et_pb_column_4_4 et_pb_column_0 et_pb_css_mix_blend_mode_passthrough et-last-child\"><div class=\"et_pb_module et_pb_text et_pb_text_0 et_pb_bg_layout_light et_pb_text_align_justified\"><div class=\"et_pb_text_inner\"><p><span style=\"color: #000000;\">El sistema limf\u00e0tic \u00e9s troba distribu\u00eft per tot l\u2019organisme i t\u00e9 la funci\u00f3 de transportar<\/span> <img decoding=\"async\" class=\"size-medium wp-image-322 alignleft\" src=\"https:\/\/fisioterapiacf.com\/wp-content\/uploads\/3-1-300x225.png\" alt=\"\" width=\"300\" height=\"225\" title=\"\"><span style=\"color: #000000;\">limfa<\/span><\/p><p><span style=\"color: #000000;\">des dels teixits intersticials fins al sistema ven\u00f3s. El drenatge limf\u00e0tic manual, \u00e9s un massatge espec\u00edfic per drenar aquest exc\u00e9s de l\u00edquid intersticial i transportar-lo fins el sistema vascular. Es bassa en moviments lents i de poca pressi\u00f3, a difer\u00e8ncia del massatge convencional.<\/span><\/p><p><span style=\"color: #000000;\">Aquest tractament, en moltes ocasions es complementa amb pressoter\u00e0pia, venes fredes i embenats, per mantenir l\u2019efecte del drenatge en els casos que ho requereixin.<\/span><\/p><p><span style=\"color: #000000;\">El drenatge limf\u00e0tic est\u00e0 indicat en limfoedemes, flevoedemes, lipedemes, edemes post- intervencions quir\u00fargiques, com per exemple c\u00e0ncer de pit i trastorns d\u2019origen reum\u00e0tic.<\/span><\/p><\/div><\/div><\/div><\/div>                        <\/div>\n                    <\/div>\n                                                        <div class=\"bdt-tab-content-item\" data-content-id=\"reflexoterapia\">\n                        <div>\n                            <p><span style=\"color: #000000;\">La reflexoterapia es basa en l\u2019aplicaci\u00f3 de diferents pressions, amb objectiu terap\u00e8utic, <img loading=\"lazy\" decoding=\"async\" class=\"size-medium wp-image-324 alignleft\" src=\"https:\/\/fisioterapiacf.com\/wp-content\/uploads\/5-235x300-225x300.png\" alt=\"\" width=\"225\" height=\"300\" title=\"\">que incideix sobre punts reflexes espec\u00edfics situats en tot el peu, per obtenir un reequilibri en l\u2019organisme i en les patologies que el client presenta: problemes dermatol\u00f2gics ( psoriasis, dermatitis,\u2026), d\u2019estr\u00e8s, restrenyiment, mol\u00e8sties abdominals, \u2026<\/span><\/p>                        <\/div>\n                    <\/div>\n                                                        <div class=\"bdt-tab-content-item\" data-content-id=\"pold\">\n                        <div>\n                            <div class=\"et_pb_row et_pb_row_0\"><div class=\"et_pb_column et_pb_column_4_4 et_pb_column_0 et_pb_css_mix_blend_mode_passthrough et-last-child\"><div class=\"et_pb_module et_pb_text et_pb_text_0 et_pb_bg_layout_light et_pb_text_align_justified\"><div class=\"et_pb_text_inner\"><p><span style=\"color: #000000;\">El m\u00e8tode Pold \u00e9s un conjunt de t\u00e8cniques de fisioter\u00e0pia que s\u2019aplica de forma manual<\/span><img loading=\"lazy\" decoding=\"async\" class=\"alignleft wp-image-325 size-full\" src=\"https:\/\/fisioterapiacf.com\/wp-content\/uploads\/7-229x300.png\" alt=\"Pold\" width=\"225\" height=\"300\" title=\"\"> i est\u00e0 basat<\/p><p><span style=\"color: #000000;\">en l\u2019aplicaci\u00f3 d\u2019una oscil\u2022laci\u00f3 r\u00edtmica en la zona a tractar, tant en els m\u00fasculs i tendons, com en les articulacions, i que es mant\u00e9 durant tot el tractament. Aix\u00f2 provoca un estat de relaxaci\u00f3 i flexibilitzaci\u00f3 en els teixits molt intens , permetent un ajust dels mateixos a la posici\u00f3 d\u2019equilibri natural, mitjan\u00e7ant unes maniobres de correcci\u00f3 que s\u2019apliquen mentre estan en aquest estat de profunda relaxaci\u00f3.<\/span><\/p><p>\u00a0<\/p><\/div><\/div><\/div><\/div>                        <\/div>\n                    <\/div>\n                                                        <div class=\"bdt-tab-content-item\" data-content-id=\"rpg-o-reeducaci-n-postural-global\">\n                        <div>\n                            <div class=\"et_pb_row et_pb_row_0\"><div class=\"et_pb_column et_pb_column_4_4 et_pb_column_0 et_pb_css_mix_blend_mode_passthrough et-last-child\"><div class=\"et_pb_module et_pb_text et_pb_text_0 et_pb_bg_layout_light et_pb_text_align_justified\"><div class=\"et_pb_text_inner\"><p><span style=\"color: #000000;\">La reeducaci\u00f3 postural global o <img loading=\"lazy\" decoding=\"async\" class=\"alignleft wp-image-327 size-full\" src=\"https:\/\/fisioterapiacf.com\/wp-content\/uploads\/rpg-2.png\" alt=\"\" width=\"513\" height=\"216\" title=\"\">RPG es un m\u00e8tode<\/span> <span style=\"color: #000000;\">de fisioter\u00e0pia suau, progressiu i actiu, que pot ser aplicat en qualsevol edat, tant de manera preventiva (educaci\u00f3 postural en nens, higiene postural en llocs de treball,\u2026) com de manera curativa (deformitats de columna, patologies doloroses de columna, patologies articulars i tendinoses,\u2026). La RPG parteix de la individualitat de cada persona, per dissenyar un tractament global que resolgui les causes que han provocat la patologia, \u00e9s tracta el cos com un tot, de manera global, i \u00e9s el pacient qui treballa de manera activa guiat en tot moment pel terapeuta.<\/span><br \/><span style=\"color: #00318d;\"><strong>A qui va dirigit?<\/strong><\/span><br \/><span style=\"color: #000000;\">El benefici d\u2019aquesta ter\u00e0pia va dirigit a tots els col\u2022lectius, des dels m\u00e9s joves que poden patir problemes com ara l\u2019escoliosi, fins els m\u00e9s grans, com a m\u00e8tode de manteniment de cara al deteriorament progressiu provocat per l\u2019envelliment biol\u00f2gic. \u00c9s obvi que el ritme de vida, l\u2019estr\u00e8s i molts altres factors com ara el sedentarisme i la poca higiene postural a l\u2019hora de treballar, s\u00f3n origen de lesions i\/o patologies que poden minvar incl\u00fas aturar el nostre ritme de vida normal. Es per aix\u00f2 que us proposem l\u2019oportunitat de poder gaudir d\u2019una bona qualitat de vida des d\u2019aquesta ter\u00e0pia globalitzada.<\/span><\/p><\/div><\/div><\/div><\/div>                        <\/div>\n                    <\/div>\n                            <\/div>\n        <\/div>\n                    \n                                <a href=\"#\" id=\"bottom-anchor-583943c2-7201\" data-bdt-hidden><\/a>\n            <\/div>\n        <\/div>\n    \t\t\t\t<\/div>\n\t\t\t\t<\/div>\n\t\t\t\t\t<\/div>\n\t\t<\/div>\n\t\t\t\t\t<\/div>\n\t\t<\/section>\n\t\t\t\t<section class=\"elementor-section elementor-top-section elementor-element elementor-element-4ad2e9ed elementor-section-boxed elementor-section-height-default elementor-section-height-default\" data-id=\"4ad2e9ed\" data-element_type=\"section\" data-e-type=\"section\">\n\t\t\t\t\t\t<div class=\"elementor-container elementor-column-gap-default\">\n\t\t\t\t\t<div class=\"elementor-column elementor-col-33 elementor-top-column elementor-element elementor-element-25caa8af\" data-id=\"25caa8af\" data-element_type=\"column\" data-e-type=\"column\">\n\t\t\t<div class=\"elementor-widget-wrap elementor-element-populated\">\n\t\t\t\t\t\t<div class=\"elementor-element elementor-element-32166e2d elementor-align-center elementor-widget elementor-widget-button\" data-id=\"32166e2d\" data-element_type=\"widget\" data-e-type=\"widget\" data-widget_type=\"button.default\">\n\t\t\t\t<div class=\"elementor-widget-container\">\n\t\t\t\t\t\t\t\t\t<div class=\"elementor-button-wrapper\">\n\t\t\t\t\t<a class=\"elementor-button elementor-button-link elementor-size-md\" href=\"https:\/\/fisioterapiacf.com\/index.php\/servicios\/\">\n\t\t\t\t\t\t<span class=\"elementor-button-content-wrapper\">\n\t\t\t\t\t\t\t\t\t<span class=\"elementor-button-text\">Serveis     <\/span>\n\t\t\t\t\t<\/span>\n\t\t\t\t\t<\/a>\n\t\t\t\t<\/div>\n\t\t\t\t\t\t\t\t<\/div>\n\t\t\t\t<\/div>\n\t\t\t\t\t<\/div>\n\t\t<\/div>\n\t\t\t\t<div class=\"elementor-column elementor-col-33 elementor-top-column elementor-element elementor-element-7547d33c\" data-id=\"7547d33c\" data-element_type=\"column\" data-e-type=\"column\">\n\t\t\t<div class=\"elementor-widget-wrap elementor-element-populated\">\n\t\t\t\t\t\t<div class=\"elementor-element elementor-element-4cf51e87 elementor-align-center elementor-widget elementor-widget-button\" data-id=\"4cf51e87\" data-element_type=\"widget\" data-e-type=\"widget\" data-widget_type=\"button.default\">\n\t\t\t\t<div class=\"elementor-widget-container\">\n\t\t\t\t\t\t\t\t\t<div class=\"elementor-button-wrapper\">\n\t\t\t\t\t<a class=\"elementor-button elementor-button-link elementor-size-md\" href=\"https:\/\/fisioterapiacf.com\/index.php\/contactar\/\">\n\t\t\t\t\t\t<span class=\"elementor-button-content-wrapper\">\n\t\t\t\t\t\t\t\t\t<span class=\"elementor-button-text\">M\u00e9s Informaci\u00f3<\/span>\n\t\t\t\t\t<\/span>\n\t\t\t\t\t<\/a>\n\t\t\t\t<\/div>\n\t\t\t\t\t\t\t\t<\/div>\n\t\t\t\t<\/div>\n\t\t\t\t\t<\/div>\n\t\t<\/div>\n\t\t\t\t<div class=\"elementor-column elementor-col-33 elementor-top-column elementor-element elementor-element-2b1734d0\" data-id=\"2b1734d0\" data-element_type=\"column\" data-e-type=\"column\">\n\t\t\t<div class=\"elementor-widget-wrap elementor-element-populated\">\n\t\t\t\t\t\t<div class=\"elementor-element elementor-element-319f1d93 elementor-align-center elementor-widget elementor-widget-button\" data-id=\"319f1d93\" data-element_type=\"widget\" data-e-type=\"widget\" data-widget_type=\"button.default\">\n\t\t\t\t<div class=\"elementor-widget-container\">\n\t\t\t\t\t\t\t\t\t<div class=\"elementor-button-wrapper\">\n\t\t\t\t\t<a class=\"elementor-button elementor-button-link elementor-size-md\" href=\"https:\/\/fisioterapiacf.com\/index.php\/tarifas\/\">\n\t\t\t\t\t\t<span class=\"elementor-button-content-wrapper\">\n\t\t\t\t\t\t\t\t\t<span class=\"elementor-button-text\">Tarifes i Preus<\/span>\n\t\t\t\t\t<\/span>\n\t\t\t\t\t<\/a>\n\t\t\t\t<\/div>\n\t\t\t\t\t\t\t\t<\/div>\n\t\t\t\t<\/div>\n\t\t\t\t\t<\/div>\n\t\t<\/div>\n\t\t\t\t\t<\/div>\n\t\t<\/section>\n\t\t\t\t<\/div>","protected":false},"excerpt":{"rendered":"<p>T\u00e9cnicas de Fisioterapia en el Centro de Fisioterapia CF. Masaje terap\u00e9utico, drenaje linf\u00e1tico, RPG, reflexologia, POLD.<\/p>","protected":false},"author":1,"featured_media":181,"parent":54,"menu_order":1,"comment_status":"closed","ping_status":"closed","template":"","meta":{"footnotes":""},"class_list":["post-235","page","type-page","status-publish","has-post-thumbnail","hentry"],"_links":{"self":[{"href":"https:\/\/fisioterapiacf.com\/ca\/wp-json\/wp\/v2\/pages\/235","targetHints":{"allow":["GET"]}}],"collection":[{"href":"https:\/\/fisioterapiacf.com\/ca\/wp-json\/wp\/v2\/pages"}],"about":[{"href":"https:\/\/fisioterapiacf.com\/ca\/wp-json\/wp\/v2\/types\/page"}],"author":[{"embeddable":true,"href":"https:\/\/fisioterapiacf.com\/ca\/wp-json\/wp\/v2\/users\/1"}],"replies":[{"embeddable":true,"href":"https:\/\/fisioterapiacf.com\/ca\/wp-json\/wp\/v2\/comments?post=235"}],"version-history":[{"count":50,"href":"https:\/\/fisioterapiacf.com\/ca\/wp-json\/wp\/v2\/pages\/235\/revisions"}],"predecessor-version":[{"id":1200,"href":"https:\/\/fisioterapiacf.com\/ca\/wp-json\/wp\/v2\/pages\/235\/revisions\/1200"}],"up":[{"embeddable":true,"href":"https:\/\/fisioterapiacf.com\/ca\/wp-json\/wp\/v2\/pages\/54"}],"wp:featuredmedia":[{"embeddable":true,"href":"https:\/\/fisioterapiacf.com\/ca\/wp-json\/wp\/v2\/media\/181"}],"wp:attachment":[{"href":"https:\/\/fisioterapiacf.com\/ca\/wp-json\/wp\/v2\/media?parent=235"}],"curies":[{"name":"wp","href":"https:\/\/api.w.org\/{rel}","templated":true}]}}