{"id":271,"date":"2024-01-22T20:47:57","date_gmt":"2024-01-22T20:47:57","guid":{"rendered":"https:\/\/fisioterapiacf.com\/?page_id=271"},"modified":"2026-04-26T15:43:00","modified_gmt":"2026-04-26T15:43:00","slug":"fisioterapiaoncologica","status":"publish","type":"page","link":"https:\/\/fisioterapiacf.com\/ca\/servicios\/fisioterapiaoncologica\/","title":{"rendered":"Fisioter\u00e0pia  oncol\u00f2gica"},"content":{"rendered":"<div data-elementor-type=\"wp-page\" data-elementor-id=\"271\" class=\"elementor elementor-271\" data-elementor-post-type=\"page\">\n\t\t\t\t\t\t<section class=\"elementor-section elementor-top-section elementor-element elementor-element-31bfe789 elementor-section-full_width elementor-section-height-min-height elementor-section-height-default elementor-section-items-middle\" data-id=\"31bfe789\" data-element_type=\"section\" data-e-type=\"section\" data-settings=\"{&quot;background_background&quot;:&quot;gradient&quot;}\">\n\t\t\t\t\t\t<div class=\"elementor-container elementor-column-gap-default\">\n\t\t\t\t\t<div class=\"elementor-column elementor-col-100 elementor-top-column elementor-element elementor-element-be3db5a elementor-invisible\" data-id=\"be3db5a\" data-element_type=\"column\" data-e-type=\"column\" data-settings=\"{&quot;background_background&quot;:&quot;classic&quot;,&quot;animation&quot;:&quot;fadeInUp&quot;}\">\n\t\t\t<div class=\"elementor-widget-wrap elementor-element-populated\">\n\t\t\t\t\t\t<div class=\"elementor-element elementor-element-403429ce elementor-widget elementor-widget-heading\" data-id=\"403429ce\" data-element_type=\"widget\" data-e-type=\"widget\" data-widget_type=\"heading.default\">\n\t\t\t\t<div class=\"elementor-widget-container\">\n\t\t\t\t\t<h1 class=\"elementor-heading-title elementor-size-default\">Fisioter\u00e0pia oncol\u00f3gica<\/h1>\t\t\t\t<\/div>\n\t\t\t\t<\/div>\n\t\t\t\t\t<\/div>\n\t\t<\/div>\n\t\t\t\t\t<\/div>\n\t\t<\/section>\n\t\t\t\t<section class=\"elementor-section elementor-top-section elementor-element elementor-element-67c14fd4 elementor-section-boxed elementor-section-height-default elementor-section-height-default\" data-id=\"67c14fd4\" data-element_type=\"section\" data-e-type=\"section\">\n\t\t\t\t\t\t<div class=\"elementor-container elementor-column-gap-default\">\n\t\t\t\t\t<div class=\"elementor-column elementor-col-100 elementor-top-column elementor-element elementor-element-4e2c36bb\" data-id=\"4e2c36bb\" data-element_type=\"column\" data-e-type=\"column\">\n\t\t\t<div class=\"elementor-widget-wrap elementor-element-populated\">\n\t\t\t\t\t\t<div class=\"elementor-element elementor-element-1a8692e5 elementor-widget elementor-widget-text-editor\" data-id=\"1a8692e5\" data-element_type=\"widget\" data-e-type=\"widget\" data-widget_type=\"text-editor.default\">\n\t\t\t\t<div class=\"elementor-widget-container\">\n\t\t\t\t\t\t\t\t\t<h2 dir=\"ltr\" data-placeholder=\"Traducci\u00f3n\" data-ved=\"2ahUKEwifjueN4fCDAxUFV6QEHdY4AScQ3ewLegQIARAP\">Beneficis de la Fisioter\u00e0pia oncol\u00f2gica<\/h2><p id=\"tw-target-text\" class=\"tw-data-text tw-text-large tw-ta\" dir=\"ltr\" data-placeholder=\"Traducci\u00f3n\" data-ved=\"2ahUKEwifjueN4fCDAxUFV6QEHdY4AScQ3ewLegQIARAP\"><span class=\"Y2IQFc\" lang=\"es\" style=\"color: #000000;\">Els beneficis de la fisioterapia oncologica s\u2019observen des del moment en qu\u00e8 es diagnostica un cancer fins a l\u2019etapa de superviv\u00e8ncia , ja que ajuda a prevenir, millorar i recuperar la majoria de les seq\u00fceles secund\u00e0ries als tractaments oncol\u00f2gics, com a cirurgies, quimioter\u00e0pia, tractaments diana, hormonoter\u00e0pia i radioter\u00e0pia.\n\nEls tractaments de fisioterapia oncologica estan dirigits a totes les persones amb qualsevol tipus de cancer, abordant les seves seq\u00fceles de forma personalitzada i en funci\u00f3 de les seves necessitats.\n\nLa selecci\u00f3 del tractament que s\u2019aplica t\u00e9 en compte el tipus de cancer i els efectes dels tractaments. Estan dirigits a la cura i restabliment de la mobilitat i elasticitat dels teixits del cos, a nivell ossi, articular, muscular i tractament de la pell, aix\u00ed com els problemes de fatiga i dolor.\n\nL\u2019objectiu fonamental \u00e9s millorar la qualitat de vida del pacient oncol\u00f2gic i que el seu estat f\u00edsic i emocional sigui el m\u00e9s pr\u00f2xim a abans de patir la malaltia.<\/span><\/p>\t\t\t\t\t\t\t\t<\/div>\n\t\t\t\t<\/div>\n\t\t\t\t\t<\/div>\n\t\t<\/div>\n\t\t\t\t\t<\/div>\n\t\t<\/section>\n\t\t\t\t<section class=\"elementor-section elementor-inner-section elementor-element elementor-element-aeca102 elementor-section-boxed elementor-section-height-default elementor-section-height-default\" data-id=\"aeca102\" data-element_type=\"section\" data-e-type=\"section\">\n\t\t\t\t\t\t<div class=\"elementor-container elementor-column-gap-default\">\n\t\t\t\t\t<div class=\"elementor-column elementor-col-50 elementor-inner-column elementor-element elementor-element-b765d36\" data-id=\"b765d36\" data-element_type=\"column\" data-e-type=\"column\">\n\t\t\t<div class=\"elementor-widget-wrap elementor-element-populated\">\n\t\t\t\t\t\t<div class=\"elementor-element elementor-element-51f9150c elementor-widget elementor-widget-image\" data-id=\"51f9150c\" data-element_type=\"widget\" data-e-type=\"widget\" data-widget_type=\"image.default\">\n\t\t\t\t<div class=\"elementor-widget-container\">\n\t\t\t\t\t\t\t\t\t\t\t\t\t\t\t<img fetchpriority=\"high\" decoding=\"async\" width=\"300\" height=\"222\" src=\"https:\/\/fisioterapiacf.com\/wp-content\/uploads\/2024\/01\/fisioonco1.png\" class=\"attachment-full size-full wp-image-299\" alt=\"\" title=\"\">\t\t\t\t\t\t\t\t\t\t\t\t\t\t\t<\/div>\n\t\t\t\t<\/div>\n\t\t\t\t\t<\/div>\n\t\t<\/div>\n\t\t\t\t<div class=\"elementor-column elementor-col-50 elementor-inner-column elementor-element elementor-element-1d550751\" data-id=\"1d550751\" data-element_type=\"column\" data-e-type=\"column\">\n\t\t\t<div class=\"elementor-widget-wrap elementor-element-populated\">\n\t\t\t\t\t\t<div class=\"elementor-element elementor-element-51e5ab3a elementor-widget elementor-widget-text-editor\" data-id=\"51e5ab3a\" data-element_type=\"widget\" data-e-type=\"widget\" data-widget_type=\"text-editor.default\">\n\t\t\t\t<div class=\"elementor-widget-container\">\n\t\t\t\t\t\t\t\t\t<h2><span style=\"color: #00318d;\"><strong>La fisioterapia oncologica pot ajudar en les seg\u00fcents \u00e0rees:<\/strong><\/span><\/h2><p><span style=\"color: #000000;\">\u2022 Prehabilitaci\u00f2.<\/span><br \/><span style=\"color: #000000;\">\u2022 Tractament post quir\u00fargic de qualsevol tipus de cancer, preparant la zona a intervenir i aconseguint per\u00edodes postoperatoris m\u00e9s curts<\/span><br \/><span style=\"color: #000000;\">\u2022  Prevenci\u00f3 i tractament de neuropaties en mans i peus<\/span><br \/><span style=\"color: #000000;\">\u2022  En el cas del tractament de les cicatrius, evitar les adher\u00e8ncies i recuperar la funcionalitat del teixit.<\/span><br \/><span style=\"color: #000000;\">\u2022  Prevenci\u00f3 i si apareix tractament de linfedemes de extremitats superiors i inferiors.<\/span><br \/><span style=\"color: #000000;\">\u2022  Tractament i mobilitzaci\u00f3 de pr\u00f2tesis adherides, encapsulades,..<\/span><br \/><span style=\"color: #000000;\">\u2022  Tractament de les alteracions cardiorespirat\u00f2ries.<\/span><br \/><span style=\"color: #000000;\">\u2022  Reducci\u00f3 de la fatiga.<\/span><br \/><span style=\"color: #000000;\">\u2022  Millora del dolor agut o cr\u00f3nic.<\/span><br \/><span style=\"color: #000000;\">\u2022  D\u00e8ficit de mobilitat i\/o equilibri amb d\u00e8ficit funcional.<\/span><br \/><span style=\"color: #000000;\">\u2022  Disfuncions vesi-esfinterianes (alteracions en el sistema urinari).<\/span><br \/><span style=\"color: #000000;\">\u2022  Espasticitat.<\/span><br \/><span style=\"color: #000000;\">\u2022  Limitaci\u00f3 articular.<\/span><br \/><span style=\"color: #000000;\">\u2022  Contractures.<\/span><\/p>\t\t\t\t\t\t\t\t<\/div>\n\t\t\t\t<\/div>\n\t\t\t\t\t<\/div>\n\t\t<\/div>\n\t\t\t\t\t<\/div>\n\t\t<\/section>\n\t\t\t\t<section class=\"elementor-section elementor-top-section elementor-element elementor-element-2c82e829 elementor-section-boxed elementor-section-height-default elementor-section-height-default\" data-id=\"2c82e829\" data-element_type=\"section\" data-e-type=\"section\">\n\t\t\t\t\t\t<div class=\"elementor-container elementor-column-gap-default\">\n\t\t\t\t\t<div class=\"elementor-column elementor-col-50 elementor-top-column elementor-element elementor-element-425a1ba7\" data-id=\"425a1ba7\" data-element_type=\"column\" data-e-type=\"column\">\n\t\t\t<div class=\"elementor-widget-wrap elementor-element-populated\">\n\t\t\t\t\t\t<div class=\"elementor-element elementor-element-18f461ef elementor-widget elementor-widget-text-editor\" data-id=\"18f461ef\" data-element_type=\"widget\" data-e-type=\"widget\" data-widget_type=\"text-editor.default\">\n\t\t\t\t<div class=\"elementor-widget-container\">\n\t\t\t\t\t\t\t\t\t<h2>En quins \u00e0mbits es pot treballar:<\/h2><p><span style=\"color: #000000;\">\u2022\u00a0 Cancer de mama.<\/span><\/p><p><span style=\"color: #000000;\">\u2022\u00a0 Cancer de pulm\u00f3.<\/span><\/p><p><span style=\"color: #000000;\">\u2022\u00a0 Cancer de pr\u00f3stata.<\/span><\/p><p><span style=\"color: #000000;\">\u2022  Cancer ovaris i matriu.<\/span><\/p><p><span style=\"color: #000000;\">\u2022  Cancer de cap i coll.<\/span><\/p>\t\t\t\t\t\t\t\t<\/div>\n\t\t\t\t<\/div>\n\t\t\t\t\t<\/div>\n\t\t<\/div>\n\t\t\t\t<div class=\"elementor-column elementor-col-50 elementor-top-column elementor-element elementor-element-3e931385\" data-id=\"3e931385\" data-element_type=\"column\" data-e-type=\"column\">\n\t\t\t<div class=\"elementor-widget-wrap elementor-element-populated\">\n\t\t\t\t\t\t<div class=\"elementor-element elementor-element-13621638 elementor-widget elementor-widget-text-editor\" data-id=\"13621638\" data-element_type=\"widget\" data-e-type=\"widget\" data-widget_type=\"text-editor.default\">\n\t\t\t\t<div class=\"elementor-widget-container\">\n\t\t\t\t\t\t\t\t\t<p style=\"text-align: center;\"><strong><span style=\"color: #00318d;\">El Centre de Fisioter\u00e0pia CF t\u00e9 signat un conveni amb  FeSalut oferint  condicions especials per als seus usuaris, contacta\u2019ns o informa\u2019t a la teva asssociaci\u00f3 per  poder beneficiar-te.<\/span><\/strong><\/p>\t\t\t\t\t\t\t\t<\/div>\n\t\t\t\t<\/div>\n\t\t\t\t<div class=\"elementor-element elementor-element-4d65671c elementor-widget elementor-widget-image\" data-id=\"4d65671c\" data-element_type=\"widget\" data-e-type=\"widget\" data-widget_type=\"image.default\">\n\t\t\t\t<div class=\"elementor-widget-container\">\n\t\t\t\t\t\t\t\t\t\t\t\t\t\t\t\t<a href=\"https:\/\/fesalut.com\/associacions\/\" target=\"_blank\" rel=\"nofollow noopener\">\n\t\t\t\t\t\t\t<img decoding=\"async\" width=\"180\" height=\"54\" src=\"https:\/\/fisioterapiacf.com\/wp-content\/uploads\/2024\/01\/logofesalut.png\" class=\"attachment-large size-large wp-image-308\" alt=\"\" title=\"\">\t\t\t\t\t\t\t\t<\/a>\n\t\t\t\t\t\t\t\t\t\t\t\t\t\t\t<\/div>\n\t\t\t\t<\/div>\n\t\t\t\t<div class=\"elementor-element elementor-element-f3568bc elementor-widget elementor-widget-text-editor\" data-id=\"f3568bc\" data-element_type=\"widget\" data-e-type=\"widget\" data-widget_type=\"text-editor.default\">\n\t\t\t\t<div class=\"elementor-widget-container\">\n\t\t\t\t\t\t\t\t\t<p style=\"text-align: center;\"><strong><a href=\"https:\/\/fesalut.com\/associacions\/\" target=\"_blank\" rel=\"noopener nofollow\">Llistat \u2018entitats<\/a><\/strong><\/p>\t\t\t\t\t\t\t\t<\/div>\n\t\t\t\t<\/div>\n\t\t\t\t\t<\/div>\n\t\t<\/div>\n\t\t\t\t\t<\/div>\n\t\t<\/section>\n\t\t\t\t<section class=\"elementor-section elementor-top-section elementor-element elementor-element-4ad2e9ed elementor-section-boxed elementor-section-height-default elementor-section-height-default\" data-id=\"4ad2e9ed\" data-element_type=\"section\" data-e-type=\"section\">\n\t\t\t\t\t\t<div class=\"elementor-container elementor-column-gap-default\">\n\t\t\t\t\t<div class=\"elementor-column elementor-col-33 elementor-top-column elementor-element elementor-element-25caa8af\" data-id=\"25caa8af\" data-element_type=\"column\" data-e-type=\"column\">\n\t\t\t<div class=\"elementor-widget-wrap elementor-element-populated\">\n\t\t\t\t\t\t<div class=\"elementor-element elementor-element-32166e2d elementor-align-center elementor-widget elementor-widget-button\" data-id=\"32166e2d\" data-element_type=\"widget\" data-e-type=\"widget\" data-widget_type=\"button.default\">\n\t\t\t\t<div class=\"elementor-widget-container\">\n\t\t\t\t\t\t\t\t\t<div class=\"elementor-button-wrapper\">\n\t\t\t\t\t<a class=\"elementor-button elementor-button-link elementor-size-md\" href=\"https:\/\/fisioterapiacf.com\/index.php\/servicios\/\">\n\t\t\t\t\t\t<span class=\"elementor-button-content-wrapper\">\n\t\t\t\t\t\t\t\t\t<span class=\"elementor-button-text\">Serveis     <\/span>\n\t\t\t\t\t<\/span>\n\t\t\t\t\t<\/a>\n\t\t\t\t<\/div>\n\t\t\t\t\t\t\t\t<\/div>\n\t\t\t\t<\/div>\n\t\t\t\t\t<\/div>\n\t\t<\/div>\n\t\t\t\t<div class=\"elementor-column elementor-col-33 elementor-top-column elementor-element elementor-element-7547d33c\" data-id=\"7547d33c\" data-element_type=\"column\" data-e-type=\"column\">\n\t\t\t<div class=\"elementor-widget-wrap elementor-element-populated\">\n\t\t\t\t\t\t<div class=\"elementor-element elementor-element-4cf51e87 elementor-align-center elementor-widget elementor-widget-button\" data-id=\"4cf51e87\" data-element_type=\"widget\" data-e-type=\"widget\" data-widget_type=\"button.default\">\n\t\t\t\t<div class=\"elementor-widget-container\">\n\t\t\t\t\t\t\t\t\t<div class=\"elementor-button-wrapper\">\n\t\t\t\t\t<a class=\"elementor-button elementor-button-link elementor-size-md\" href=\"https:\/\/fisioterapiacf.com\/index.php\/contactar\/\">\n\t\t\t\t\t\t<span class=\"elementor-button-content-wrapper\">\n\t\t\t\t\t\t\t\t\t<span class=\"elementor-button-text\">M\u00e9s Informaci\u00f3<\/span>\n\t\t\t\t\t<\/span>\n\t\t\t\t\t<\/a>\n\t\t\t\t<\/div>\n\t\t\t\t\t\t\t\t<\/div>\n\t\t\t\t<\/div>\n\t\t\t\t\t<\/div>\n\t\t<\/div>\n\t\t\t\t<div class=\"elementor-column elementor-col-33 elementor-top-column elementor-element elementor-element-2b1734d0\" data-id=\"2b1734d0\" data-element_type=\"column\" data-e-type=\"column\">\n\t\t\t<div class=\"elementor-widget-wrap elementor-element-populated\">\n\t\t\t\t\t\t<div class=\"elementor-element elementor-element-319f1d93 elementor-align-center elementor-widget elementor-widget-button\" data-id=\"319f1d93\" data-element_type=\"widget\" data-e-type=\"widget\" data-widget_type=\"button.default\">\n\t\t\t\t<div class=\"elementor-widget-container\">\n\t\t\t\t\t\t\t\t\t<div class=\"elementor-button-wrapper\">\n\t\t\t\t\t<a class=\"elementor-button elementor-button-link elementor-size-md\" href=\"https:\/\/fisioterapiacf.com\/index.php\/tarifas\/\">\n\t\t\t\t\t\t<span class=\"elementor-button-content-wrapper\">\n\t\t\t\t\t\t\t\t\t<span class=\"elementor-button-text\">Tarifes i Preus<\/span>\n\t\t\t\t\t<\/span>\n\t\t\t\t\t<\/a>\n\t\t\t\t<\/div>\n\t\t\t\t\t\t\t\t<\/div>\n\t\t\t\t<\/div>\n\t\t\t\t\t<\/div>\n\t\t<\/div>\n\t\t\t\t\t<\/div>\n\t\t<\/section>\n\t\t\t\t<\/div>","protected":false},"excerpt":{"rendered":"<p>El objetivo fundamental de la fisioterapia oncol\u00f3gica es mejorar la calidad de vida del paciente oncol\u00f3gico y que su estado f\u00edsico y emocional sea el m\u00e1s cercano a antes de sufrir la enfermedad.<\/p>","protected":false},"author":1,"featured_media":185,"parent":54,"menu_order":2,"comment_status":"closed","ping_status":"closed","template":"","meta":{"footnotes":""},"class_list":["post-271","page","type-page","status-publish","has-post-thumbnail","hentry"],"_links":{"self":[{"href":"https:\/\/fisioterapiacf.com\/ca\/wp-json\/wp\/v2\/pages\/271","targetHints":{"allow":["GET"]}}],"collection":[{"href":"https:\/\/fisioterapiacf.com\/ca\/wp-json\/wp\/v2\/pages"}],"about":[{"href":"https:\/\/fisioterapiacf.com\/ca\/wp-json\/wp\/v2\/types\/page"}],"author":[{"embeddable":true,"href":"https:\/\/fisioterapiacf.com\/ca\/wp-json\/wp\/v2\/users\/1"}],"replies":[{"embeddable":true,"href":"https:\/\/fisioterapiacf.com\/ca\/wp-json\/wp\/v2\/comments?post=271"}],"version-history":[{"count":16,"href":"https:\/\/fisioterapiacf.com\/ca\/wp-json\/wp\/v2\/pages\/271\/revisions"}],"predecessor-version":[{"id":1203,"href":"https:\/\/fisioterapiacf.com\/ca\/wp-json\/wp\/v2\/pages\/271\/revisions\/1203"}],"up":[{"embeddable":true,"href":"https:\/\/fisioterapiacf.com\/ca\/wp-json\/wp\/v2\/pages\/54"}],"wp:featuredmedia":[{"embeddable":true,"href":"https:\/\/fisioterapiacf.com\/ca\/wp-json\/wp\/v2\/media\/185"}],"wp:attachment":[{"href":"https:\/\/fisioterapiacf.com\/ca\/wp-json\/wp\/v2\/media?parent=271"}],"curies":[{"name":"wp","href":"https:\/\/api.w.org\/{rel}","templated":true}]}}