{"id":275,"date":"2024-01-22T20:49:14","date_gmt":"2024-01-22T20:49:14","guid":{"rendered":"https:\/\/fisioterapiacf.com\/?page_id=275"},"modified":"2026-04-26T15:51:06","modified_gmt":"2026-04-26T15:51:06","slug":"osteopatia","status":"publish","type":"page","link":"https:\/\/fisioterapiacf.com\/ca\/servicios\/osteopatia\/","title":{"rendered":"Osteopatia"},"content":{"rendered":"<div data-elementor-type=\"wp-page\" data-elementor-id=\"275\" class=\"elementor elementor-275\" data-elementor-post-type=\"page\">\n\t\t\t\t\t\t<section class=\"elementor-section elementor-top-section elementor-element elementor-element-31bfe789 elementor-section-full_width elementor-section-height-min-height elementor-section-height-default elementor-section-items-middle\" data-id=\"31bfe789\" data-element_type=\"section\" data-e-type=\"section\" data-settings=\"{&quot;background_background&quot;:&quot;gradient&quot;}\">\n\t\t\t\t\t\t<div class=\"elementor-container elementor-column-gap-default\">\n\t\t\t\t\t<div class=\"elementor-column elementor-col-100 elementor-top-column elementor-element elementor-element-be3db5a elementor-invisible\" data-id=\"be3db5a\" data-element_type=\"column\" data-e-type=\"column\" data-settings=\"{&quot;background_background&quot;:&quot;classic&quot;,&quot;animation&quot;:&quot;fadeInUp&quot;}\">\n\t\t\t<div class=\"elementor-widget-wrap elementor-element-populated\">\n\t\t\t\t\t\t<div class=\"elementor-element elementor-element-403429ce elementor-widget elementor-widget-heading\" data-id=\"403429ce\" data-element_type=\"widget\" data-e-type=\"widget\" data-widget_type=\"heading.default\">\n\t\t\t\t<div class=\"elementor-widget-container\">\n\t\t\t\t\t<h1 class=\"elementor-heading-title elementor-size-default\">Osteopatia<\/h1>\t\t\t\t<\/div>\n\t\t\t\t<\/div>\n\t\t\t\t\t<\/div>\n\t\t<\/div>\n\t\t\t\t\t<\/div>\n\t\t<\/section>\n\t\t\t\t<section class=\"elementor-section elementor-top-section elementor-element elementor-element-2d5834a6 elementor-section-boxed elementor-section-height-default elementor-section-height-default\" data-id=\"2d5834a6\" data-element_type=\"section\" data-e-type=\"section\">\n\t\t\t\t\t\t<div class=\"elementor-container elementor-column-gap-default\">\n\t\t\t\t\t<div class=\"elementor-column elementor-col-100 elementor-top-column elementor-element elementor-element-2a758068\" data-id=\"2a758068\" data-element_type=\"column\" data-e-type=\"column\">\n\t\t\t<div class=\"elementor-widget-wrap elementor-element-populated\">\n\t\t\t\t\t\t<div class=\"elementor-element elementor-element-434429ee elementor-widget elementor-widget-text-editor\" data-id=\"434429ee\" data-element_type=\"widget\" data-e-type=\"widget\" data-widget_type=\"text-editor.default\">\n\t\t\t\t<div class=\"elementor-widget-container\">\n\t\t\t\t\t\t\t\t\t<h2><span style=\"color: #00318d;\">Qu\u00e8 \u00e8s l\u2019osteopatia?<\/span><\/h2><p><span style=\"color: #000000;\">L\u2019osteopatia \u00e9s una disciplina que posa especial atenci\u00f3 a l\u2019estructura i l\u2019equilibri bio-mec\u00e0nic del cos. En realitat, es tracta d\u2019una especialitat propera a la fisioter\u00e0pia i de fet comparteixen una gran part de base te\u00f2rica.<\/span><br \/><span style=\"color: #000000;\">Dit aix\u00f2, l\u2019osteopatia es diferencia en la forma de plantejar els tractaments, ja que busca un enfocament m\u00e9s global i orientat a remeiar els desequilibris entre diferents parts del cos.<\/span><\/p><p><span style=\"color: #000000;\">Al Centre de Fisioter\u00e0pia CF, considerem que l\u2019osteopatia ofereix als nostres terapeutes una entesa m\u00e9s profunda de les lesions i els proporciona important\u00edssimes eines addicionals tant a l\u2019hora de fer diagn\u00f2stics com d\u2019aplicar tractaments.<\/span><\/p><p>\u00a0<\/p>\t\t\t\t\t\t\t\t<\/div>\n\t\t\t\t<\/div>\n\t\t\t\t<section class=\"elementor-section elementor-inner-section elementor-element elementor-element-3662ba81 elementor-section-boxed elementor-section-height-default elementor-section-height-default\" data-id=\"3662ba81\" data-element_type=\"section\" data-e-type=\"section\">\n\t\t\t\t\t\t<div class=\"elementor-container elementor-column-gap-default\">\n\t\t\t\t\t<div class=\"elementor-column elementor-col-50 elementor-inner-column elementor-element elementor-element-1c0f724c\" data-id=\"1c0f724c\" data-element_type=\"column\" data-e-type=\"column\">\n\t\t\t<div class=\"elementor-widget-wrap elementor-element-populated\">\n\t\t\t\t\t\t<div class=\"elementor-element elementor-element-1346141 elementor-widget elementor-widget-image\" data-id=\"1346141\" data-element_type=\"widget\" data-e-type=\"widget\" data-widget_type=\"image.default\">\n\t\t\t\t<div class=\"elementor-widget-container\">\n\t\t\t\t\t\t\t\t\t\t\t\t\t\t\t<img fetchpriority=\"high\" decoding=\"async\" width=\"300\" height=\"222\" src=\"https:\/\/fisioterapiacf.com\/wp-content\/uploads\/2024\/01\/osteopatia.png\" class=\"attachment-full size-full wp-image-324\" alt=\"\" title=\"\">\t\t\t\t\t\t\t\t\t\t\t\t\t\t\t<\/div>\n\t\t\t\t<\/div>\n\t\t\t\t\t<\/div>\n\t\t<\/div>\n\t\t\t\t<div class=\"elementor-column elementor-col-50 elementor-inner-column elementor-element elementor-element-5274c4fc\" data-id=\"5274c4fc\" data-element_type=\"column\" data-e-type=\"column\">\n\t\t\t<div class=\"elementor-widget-wrap elementor-element-populated\">\n\t\t\t\t\t\t<div class=\"elementor-element elementor-element-193635fd elementor-widget elementor-widget-text-editor\" data-id=\"193635fd\" data-element_type=\"widget\" data-e-type=\"widget\" data-widget_type=\"text-editor.default\">\n\t\t\t\t<div class=\"elementor-widget-container\">\n\t\t\t\t\t\t\t\t\t<h2><span style=\"color: #00318d;\">Beneficis d l\u2019osteopatia<\/span><\/h2><p><span style=\"color: #000000;\">L\u2019osteopatia permet eliminar les restriccions de mobilitat dels diferents elements de l\u2019organisme. D\u2019aquesta manera, no nom\u00e9s elimina la simptomatologia associada (t\u00edpicament dolor articular o muscular) sin\u00f3 que tamb\u00e9 prev\u00e9 lesions compensat\u00f2ries.<\/span><br \/><span style=\"color: #000000;\">Les t\u00e8cniques osteop\u00e0tiques s\u00f3n particularment \u00fatils per tractar patologies com:<\/span><br \/><span style=\"color: #000000;\">\u2022 H\u00e8rnies discals<\/span><br \/><span style=\"color: #000000;\">\u2022 Tort\u00edcoli<\/span><br \/><span style=\"color: #000000;\">\u2022 Xiulets a les orelles<\/span><br \/><span style=\"color: #000000;\">\u2022 Problemes digestius<\/span><br \/><span style=\"color: #000000;\">A m\u00e9s, permet abordar altres malalties, que no tenen un f\u00e0cil tractament mitjan\u00e7ant la medicina convencional, com s\u00f3n:<\/span><br \/><span style=\"color: #000000;\">\u2022 Mals de cap cr\u00f2nics<\/span><br \/><span style=\"color: #000000;\">\u2022 Migranyes<\/span><br \/><span style=\"color: #000000;\">\u2022 Vert\u00edgens<\/span><br \/><span style=\"color: #000000;\">\u2022 Bruxisme<\/span><br \/><span style=\"color: #000000;\">\u2022 C\u00f2lics del lactant<\/span><\/p>\t\t\t\t\t\t\t\t<\/div>\n\t\t\t\t<\/div>\n\t\t\t\t\t<\/div>\n\t\t<\/div>\n\t\t\t\t\t<\/div>\n\t\t<\/section>\n\t\t\t\t\t<\/div>\n\t\t<\/div>\n\t\t\t\t\t<\/div>\n\t\t<\/section>\n\t\t\t\t<section class=\"elementor-section elementor-top-section elementor-element elementor-element-4ad2e9ed elementor-section-boxed elementor-section-height-default elementor-section-height-default\" data-id=\"4ad2e9ed\" data-element_type=\"section\" data-e-type=\"section\">\n\t\t\t\t\t\t<div class=\"elementor-container elementor-column-gap-default\">\n\t\t\t\t\t<div class=\"elementor-column elementor-col-33 elementor-top-column elementor-element elementor-element-25caa8af\" data-id=\"25caa8af\" data-element_type=\"column\" data-e-type=\"column\">\n\t\t\t<div class=\"elementor-widget-wrap elementor-element-populated\">\n\t\t\t\t\t\t<div class=\"elementor-element elementor-element-32166e2d elementor-align-center elementor-widget elementor-widget-button\" data-id=\"32166e2d\" data-element_type=\"widget\" data-e-type=\"widget\" data-widget_type=\"button.default\">\n\t\t\t\t<div class=\"elementor-widget-container\">\n\t\t\t\t\t\t\t\t\t<div class=\"elementor-button-wrapper\">\n\t\t\t\t\t<a class=\"elementor-button elementor-button-link elementor-size-md\" href=\"https:\/\/fisioterapiacf.com\/index.php\/servicios\/\">\n\t\t\t\t\t\t<span class=\"elementor-button-content-wrapper\">\n\t\t\t\t\t\t\t\t\t<span class=\"elementor-button-text\">Serveis     <\/span>\n\t\t\t\t\t<\/span>\n\t\t\t\t\t<\/a>\n\t\t\t\t<\/div>\n\t\t\t\t\t\t\t\t<\/div>\n\t\t\t\t<\/div>\n\t\t\t\t\t<\/div>\n\t\t<\/div>\n\t\t\t\t<div class=\"elementor-column elementor-col-33 elementor-top-column elementor-element elementor-element-7547d33c\" data-id=\"7547d33c\" data-element_type=\"column\" data-e-type=\"column\">\n\t\t\t<div class=\"elementor-widget-wrap elementor-element-populated\">\n\t\t\t\t\t\t<div class=\"elementor-element elementor-element-4cf51e87 elementor-align-center elementor-widget elementor-widget-button\" data-id=\"4cf51e87\" data-element_type=\"widget\" data-e-type=\"widget\" data-widget_type=\"button.default\">\n\t\t\t\t<div class=\"elementor-widget-container\">\n\t\t\t\t\t\t\t\t\t<div class=\"elementor-button-wrapper\">\n\t\t\t\t\t<a class=\"elementor-button elementor-button-link elementor-size-md\" href=\"https:\/\/fisioterapiacf.com\/index.php\/contactar\/\">\n\t\t\t\t\t\t<span class=\"elementor-button-content-wrapper\">\n\t\t\t\t\t\t\t\t\t<span class=\"elementor-button-text\">M\u00e9s Informaci\u00f3<\/span>\n\t\t\t\t\t<\/span>\n\t\t\t\t\t<\/a>\n\t\t\t\t<\/div>\n\t\t\t\t\t\t\t\t<\/div>\n\t\t\t\t<\/div>\n\t\t\t\t\t<\/div>\n\t\t<\/div>\n\t\t\t\t<div class=\"elementor-column elementor-col-33 elementor-top-column elementor-element elementor-element-2b1734d0\" data-id=\"2b1734d0\" data-element_type=\"column\" data-e-type=\"column\">\n\t\t\t<div class=\"elementor-widget-wrap elementor-element-populated\">\n\t\t\t\t\t\t<div class=\"elementor-element elementor-element-319f1d93 elementor-align-center elementor-widget elementor-widget-button\" data-id=\"319f1d93\" data-element_type=\"widget\" data-e-type=\"widget\" data-widget_type=\"button.default\">\n\t\t\t\t<div class=\"elementor-widget-container\">\n\t\t\t\t\t\t\t\t\t<div class=\"elementor-button-wrapper\">\n\t\t\t\t\t<a class=\"elementor-button elementor-button-link elementor-size-md\" href=\"https:\/\/fisioterapiacf.com\/index.php\/tarifas\/\">\n\t\t\t\t\t\t<span class=\"elementor-button-content-wrapper\">\n\t\t\t\t\t\t\t\t\t<span class=\"elementor-button-text\">Tarifes i Preus<\/span>\n\t\t\t\t\t<\/span>\n\t\t\t\t\t<\/a>\n\t\t\t\t<\/div>\n\t\t\t\t\t\t\t\t<\/div>\n\t\t\t\t<\/div>\n\t\t\t\t\t<\/div>\n\t\t<\/div>\n\t\t\t\t\t<\/div>\n\t\t<\/section>\n\t\t\t\t<\/div>","protected":false},"excerpt":{"rendered":"<p>Al Centre de Fisioter\u00e0pia CF, considerem que l\u2019osteopatia ofereix als nostres terapeutes una entesa m\u00e9s profunda de les lesions i els proporciona important\u00edssimes eines addicionals tant a l\u2019hora de fer diagn\u00f2stics com d\u2019aplicar tractaments.<\/p>","protected":false},"author":1,"featured_media":182,"parent":54,"menu_order":4,"comment_status":"closed","ping_status":"closed","template":"elementor_header_footer","meta":{"footnotes":""},"class_list":["post-275","page","type-page","status-publish","has-post-thumbnail","hentry"],"_links":{"self":[{"href":"https:\/\/fisioterapiacf.com\/ca\/wp-json\/wp\/v2\/pages\/275","targetHints":{"allow":["GET"]}}],"collection":[{"href":"https:\/\/fisioterapiacf.com\/ca\/wp-json\/wp\/v2\/pages"}],"about":[{"href":"https:\/\/fisioterapiacf.com\/ca\/wp-json\/wp\/v2\/types\/page"}],"author":[{"embeddable":true,"href":"https:\/\/fisioterapiacf.com\/ca\/wp-json\/wp\/v2\/users\/1"}],"replies":[{"embeddable":true,"href":"https:\/\/fisioterapiacf.com\/ca\/wp-json\/wp\/v2\/comments?post=275"}],"version-history":[{"count":16,"href":"https:\/\/fisioterapiacf.com\/ca\/wp-json\/wp\/v2\/pages\/275\/revisions"}],"predecessor-version":[{"id":1210,"href":"https:\/\/fisioterapiacf.com\/ca\/wp-json\/wp\/v2\/pages\/275\/revisions\/1210"}],"up":[{"embeddable":true,"href":"https:\/\/fisioterapiacf.com\/ca\/wp-json\/wp\/v2\/pages\/54"}],"wp:featuredmedia":[{"embeddable":true,"href":"https:\/\/fisioterapiacf.com\/ca\/wp-json\/wp\/v2\/media\/182"}],"wp:attachment":[{"href":"https:\/\/fisioterapiacf.com\/ca\/wp-json\/wp\/v2\/media?parent=275"}],"curies":[{"name":"wp","href":"https:\/\/api.w.org\/{rel}","templated":true}]}}