{"id":617,"date":"2024-02-06T08:48:38","date_gmt":"2024-02-06T08:48:38","guid":{"rendered":"https:\/\/fisioterapiacf.com\/?page_id=617"},"modified":"2026-04-26T16:08:38","modified_gmt":"2026-04-26T16:08:38","slug":"politica-de-cookies","status":"publish","type":"page","link":"https:\/\/fisioterapiacf.com\/ca\/politica-de-cookies\/","title":{"rendered":"Pol\u00edtica de cookies"},"content":{"rendered":"<div data-elementor-type=\"wp-page\" data-elementor-id=\"617\" class=\"elementor elementor-617\" data-elementor-post-type=\"page\">\n\t\t\t\t\t\t<section class=\"elementor-section elementor-top-section elementor-element elementor-element-58f52658 elementor-section-full_width elementor-section-height-min-height elementor-section-height-default elementor-section-items-middle\" data-id=\"58f52658\" data-element_type=\"section\" data-e-type=\"section\" data-settings=\"{&quot;background_background&quot;:&quot;gradient&quot;}\">\n\t\t\t\t\t\t<div class=\"elementor-container elementor-column-gap-default\">\n\t\t\t\t\t<div class=\"elementor-column elementor-col-100 elementor-top-column elementor-element elementor-element-7567be9b elementor-invisible\" data-id=\"7567be9b\" data-element_type=\"column\" data-e-type=\"column\" data-settings=\"{&quot;background_background&quot;:&quot;classic&quot;,&quot;animation&quot;:&quot;fadeInUp&quot;}\">\n\t\t\t<div class=\"elementor-widget-wrap elementor-element-populated\">\n\t\t\t\t\t\t<div class=\"elementor-element elementor-element-32c6ceae elementor-widget elementor-widget-heading\" data-id=\"32c6ceae\" data-element_type=\"widget\" data-e-type=\"widget\" data-widget_type=\"heading.default\">\n\t\t\t\t<div class=\"elementor-widget-container\">\n\t\t\t\t\t<h1 class=\"elementor-heading-title elementor-size-default\">Pol\u00edtica de cookies<\/h1>\t\t\t\t<\/div>\n\t\t\t\t<\/div>\n\t\t\t\t\t<\/div>\n\t\t<\/div>\n\t\t\t\t\t<\/div>\n\t\t<\/section>\n\t\t<div class=\"elementor-element elementor-element-1052a95 e-flex e-con-boxed e-con e-parent\" data-id=\"1052a95\" data-element_type=\"container\" data-e-type=\"container\">\n\t\t\t\t\t<div class=\"e-con-inner\">\n\t\t\t\t<div class=\"elementor-element elementor-element-e097c6b elementor-widget elementor-widget-text-editor\" data-id=\"e097c6b\" data-element_type=\"widget\" data-e-type=\"widget\" data-widget_type=\"text-editor.default\">\n\t\t\t\t<div class=\"elementor-widget-container\">\n\t\t\t\t\t\t\t\t\t<h2 id=\"h-que-es-una-cookie\" class=\"wp-block-heading\" style=\"text-align: center;\"><span style=\"color: #00318d;\"><strong>QU\u00c8 \u00c9S UNA COOKIE<\/strong><\/span><\/h2><p><span style=\"color: #000000;\">Una\u00a0<em>cookie<\/em>\u00a0\u00e9s un fitxer que es descarrega al teu ordinador en accedir a determinades p\u00e0gines web o blocs.<\/span><\/p><p><span style=\"color: #000000;\">Les\u00a0<em>cookies<\/em>\u00a0permeten a aquesta p\u00e0gina, entre altres coses, emmagatzemar i recuperar informaci\u00f3 sobre els teus h\u00e0bits de navegaci\u00f3 o del teu equip, i depenent de la informaci\u00f3 que continguin i de la manera com utilitzis el teu equip, es poden utilitzar per recon\u00e8ixer-te.<\/span><\/p><p><span style=\"color: #000000;\">El navegador de l'usuari memoritza cookies al disc dur nom\u00e9s durant la sessi\u00f3 actual ocupant un espai de mem\u00f2ria m\u00ednim i no perjudicant l'ordinador. Les galetes no contenen cap tipus d'informaci\u00f3 personal espec\u00edfica, i la majoria s'esborren del disc dur en finalitzar la sessi\u00f3 de navegador (les anomenades galetes de sessi\u00f3).<\/span><\/p><p><span style=\"color: #000000;\">La majoria dels navegadors accepten com a est\u00e0ndard les galetes i, amb independ\u00e8ncia de les mateixes, permeten o impedeixen en els ajustaments de seguretat les galetes temporals o memoritzades.<\/span><\/p><p><span style=\"color: #000000;\">Les galetes s'associen al navegador, no a la persona, per la qual cosa no solen emmagatzemar informaci\u00f3 sensible sobre tu com targetes de cr\u00e8dit o dades banc\u00e0ries, fotografies o informaci\u00f3 personal, etc. Les dades que guarden s\u00f3n de car\u00e0cter t\u00e8cnic, estad\u00edstiques, prefer\u00e8ncies personals, personalitzaci\u00f3 de continguts, etc.<\/span><\/p><h3 id=\"h-aceptacion-de-las-cookies-normativa-vigente\" class=\"wp-block-heading\" style=\"text-align: center;\"><span style=\"color: #00318d;\"><strong>ACCEPTACI\u00d3 DE LES COOKIES: NORMATIVA VIGENT<\/strong><\/span><\/h3><p><span style=\"color: #000000;\">En accedir a aquest lloc web, i d'acord amb la normativa vigent en mat\u00e8ria de protecci\u00f3 de dades, us informem de l'\u00fas de cookies, donant-vos l'opci\u00f3 d'acceptar-les expressament i d'accedir a m\u00e9s informaci\u00f3 a trav\u00e9s d'aquesta Pol\u00edtica de Cookies.<\/span><\/p><p><span style=\"color: #000000;\">Has de saber que, en cas de continuar navegant, estar\u00e0s prestant el teu consentiment per a l'\u00fas d'aquestes galetes. Per\u00f2, en qualsevol moment, podr\u00e0s canviar d'opini\u00f3 i bloquejar-ne la utilitzaci\u00f3 a trav\u00e9s del teu navegador.<\/span><\/p><p><span style=\"color: #000000;\">Per a la teva total tranquil\u00b7litat, aquest lloc web compleix amb all\u00f2 estipulat a la normativa vigent en relaci\u00f3 amb l'\u00fas de les cookies i les teves dades personals:<\/span><\/p><p><span style=\"color: #000000;\">El reglament LSSI-CE (<strong>Llei de la societat de la informaci\u00f3 i del comer\u00e7 electr\u00f2nic<\/strong>)<\/span><\/p><p><span style=\"color: #000000;\">El\u00a0<strong>RGPD\u00a0<\/strong>(<strong>Reglament (UE) 2016\/679 del Parlament Europeu i del Consell de 27 d'abril del 2016 relatiu a la protecci\u00f3 de les persones f\u00edsiques<\/strong>),\u00a0que unifica la regulaci\u00f3 del tractament de les dades personals als pa\u00efsos de la UE.<\/span><\/p><p><span style=\"color: #000000;\">Aquesta Pol\u00edtica de Cookies podria modificar-se en qualsevol moment per adaptar-se a novetats normatives o\u00a0canvis en les nostres activitats, sent vigent la que en cada moment es trobe publicada a la web.<\/span><\/p><h3 style=\"text-align: center;\">\u00a0<\/h3><h3 id=\"h-tipos-de-cookies\" class=\"wp-block-heading\" style=\"text-align: center;\"><span style=\"color: #00318d;\"><strong>TIPUS DE COOKIES<\/strong><\/span><\/h3><p><span style=\"color: #000000;\">Para poder ofrecerte una mejor experiencia de usuario, obtener datos anal\u00edticos, almacenar y recuperar informaci\u00f3n sobre tus h\u00e1bitos de navegaci\u00f3n o de tu equipo y desarrollar su actividad, este sitio web https:\/\/fisioterapiaenlleida.com<strong>,<\/strong>\u00a0utilitza cookies pr\u00f2pies i de tercers.<\/span><\/p><h3>\u00a0<\/h3><h3 id=\"h-que-tipos-de-cookies-utiliza-este-sitio-web\" class=\"wp-block-heading\" style=\"text-align: center;\"><span style=\"color: #00318d;\"><strong>Quins tipus de galetes utilitza aquest lloc web?<\/strong><\/span><\/h3><ul><li><span style=\"color: #000000;\"><span style=\"color: #00318d;\"><strong>Galetes t\u00e8cniques<\/strong>:<\/span> S\u00f3n aquelles que permeten a l'usuari la navegaci\u00f3 a trav\u00e9s d'una p\u00e0gina web, plataforma o aplicaci\u00f3 i la utilitzaci\u00f3 de les diferents opcions o serveis que hi hagi com, per exemple, controlar el tr\u00e0nsit i la comunicaci\u00f3 de dades, identificar la sessi\u00f3, accedir a parts d'acc\u00e9s restringit, recordar els elements que integren una comanda, fer el proc\u00e9s de compra d'una comanda, fer la sol\u00b7licitud d'inscripci\u00f3 o participaci\u00f3 en un esdeveniment, utilitzar elements de seguretat durant la navegaci\u00f3, emmagatzemar continguts per a la difusi\u00f3 de v\u00eddeos o so o compartir continguts a trav\u00e9s de xarxes socials.<\/span><\/li><li><span style=\"color: #000000;\"><span style=\"color: #00318d;\"><strong>Cookies de personalitzaci\u00f3<\/strong>:<\/span> S\u00f3n aquelles que permeten a l'usuari accedir al servei amb algunes caracter\u00edstiques de car\u00e0cter general predefinides en funci\u00f3 d'una s\u00e8rie de criteris al terminal de l'usuari com ara serien l'idioma, el tipus de navegador a trav\u00e9s del qual accedeix al servei, la configuraci\u00f3 regional des d'on accedix al servei, etc.<\/span><\/li><li><span style=\"color: #000000;\"><span style=\"color: #00318d;\"><strong>Galetes d'an\u00e0lisi<\/strong>:<\/span> S\u00f3n aquelles que ben tractades per nosaltres o per tercers, ens permeten quantificar el nombre d'usuaris i aix\u00ed realitzar el mesurament i l'an\u00e0lisi estad\u00edstica de la utilitzaci\u00f3 que fan els usuaris del servei ofert. Per aix\u00f2 s'analitza la vostra navegaci\u00f3 a la nostra p\u00e0gina web per tal de millorar l'oferta de productes o serveis que us oferim.<\/span><\/li><li><span style=\"color: #000000;\"><span style=\"color: #00318d;\"><strong>Galetes publicit\u00e0ries<\/strong>:<\/span> S\u00f3n aquelles que, ben tractades per nosaltres o per tercers, ens permeten gestionar de la manera m\u00e9s efica\u00e7 possible l'oferta dels espais publicitaris que hi ha a la p\u00e0gina web, adequant el contingut de l'anunci al contingut del servei sol\u00b7licitat oa l'\u00fas que realitzeu de la nostra p\u00e0gina web. Per aix\u00f2 podem analitzar els teus h\u00e0bits de navegaci\u00f3 a Internet i podem mostrar publicitat relacionada amb el teu perfil de navegaci\u00f3.<\/span><\/li><li><span style=\"color: #000000;\"><span style=\"color: #00318d;\"><strong>Cookies de publicitat comportamental<\/strong>:<\/span> S\u00f3n aquelles que permeten la gesti\u00f3, de la manera m\u00e9s efica\u00e7 possible, dels espais publicitaris que, si escau, l'editor hagi incl\u00f2s en una p\u00e0gina web, aplicaci\u00f3 o plataforma des de la qual presta el servei sol\u00b7licitat. Aquestes cookies emmagatzemen informaci\u00f3 del comportament dels usuaris obtinguda a trav\u00e9s de l'observaci\u00f3 continuada dels seus h\u00e0bits de navegaci\u00f3, cosa que permet desenvolupar un perfil espec\u00edfic per mostrar publicitat en funci\u00f3 del mateix.<\/span><\/li><li><span style=\"color: #000000;\"><span style=\"color: #00318d;\"><strong>Galetes de tercers<\/strong>:<\/span> Aquest web https:\/\/fisioterapiaenlleida.com pot utilitzar serveis de tercers que, per compte de Google, recopilaran informaci\u00f3 amb finalitats estad\u00edstiques, d\u00fas del lloc per part de lusuari i per a la prestaci\u00f3 daltres serveis relacionats amb lactivitat del lloc web i altres serveis d'Internet.<\/span><\/li><\/ul><p><span style=\"color: #000000;\">En particular, aquest lloc web utilitza Google Analytics, un servei anal\u00edtic de web prestat per Google, Inc. amb domicili als Estats Units amb seu central el 1600 Amphitheatre Parkway, Mountain View, Calif\u00f2rnia 94043. Per a la prestaci\u00f3 d'aquests serveis, Google utilitza galetes que recopilen la informaci\u00f3, inclosa l'adre\u00e7a IP de l'usuari, que ser\u00e0 transmesa, tractada i emmagatzemada per Google en els termes fixats al web Google.com. Aix\u00f2 inclou la possible transmissi\u00f3 d'aquesta informaci\u00f3 a tercers per raons d'exig\u00e8ncia legal o quan aquests tercers processin la informaci\u00f3 per compte de Google.<\/span><\/p><h3>\u00a0<\/h3><h3 id=\"h-gestionar-y-rechazar-el-uso-de-cookies\" class=\"wp-block-heading\" style=\"text-align: center;\"><span style=\"color: #00318d;\"><strong>GESTIONAR I REBUTJAR L'\u00daS DE COOKIES<\/strong><\/span><\/h3><p><span style=\"color: #000000;\">En qualsevol moment, pots adaptar la configuraci\u00f3 del navegador per gestionar, desestimar l'\u00fas de cookies i ser notificat abans que es descarreguin.<\/span><\/p><p><span style=\"color: #000000;\">Tamb\u00e9 podeu adaptar la configuraci\u00f3 de manera que el navegador rebutgi totes les\u00a0<em>cookies<\/em>, o \u00fanicament les\u00a0<em>cookies<\/em>\u00a0de tercers. I tamb\u00e9 pots eliminar qualsevol de les\u00a0<em>cookies<\/em>\u00a0que ja es trobin al teu equip.<\/span><\/p><p><span style=\"color: #000000;\">Per aix\u00f2, has de tenir en compte que haur\u00e0s d'adaptar per separat la configuraci\u00f3 de cada navegador i equip que utilitzis ja que, com t'hem comentat anteriorment, les cookies s'associen al navegador, no a la persona.<\/span><\/p><p><span style=\"color: #000000;\"><strong><span style=\"color: #00318d;\">Google Chrome<\/span>\u00a0<\/strong><a style=\"color: #000000;\" href=\"https:\/\/support.google.com\/chrome\/answer\/95647?hl=es-419\" target=\"_blank\" rel=\"noreferrer noopener nofollow\">https:\/\/support.google.com\/chrome\/answer\/95647?hl=es-419<\/a><\/span><\/p><p><span style=\"color: #000000;\"><span style=\"color: #00318d;\"><strong>Internet Explorer<\/strong><\/span>\u00a0<a style=\"color: #000000;\" href=\"https:\/\/support.microsoft.com\/es-es\/help\/17442\/windows-internet-explorer-delete-manage-cookies#ie=ie-10\" target=\"_blank\" rel=\"noreferrer noopener nofollow\">https:\/\/support.microsoft.com\/es-es\/help\/17442\/windows-internet-explorer-delete-manage-cookies#ie=ie-10<\/a><\/span><\/p><p><span style=\"color: #000000;\"><span style=\"color: #00318d;\"><strong>Mozilla Firefox<\/strong><\/span>\u00a0<a style=\"color: #000000;\" href=\"https:\/\/support.mozilla.org\/es\/kb\/habilitar-y-deshabilitar-cookies-sitios-web-rastrear-preferencias?redirectlocale=es&amp;redirectslug=habilitar-y-deshabilitar-cookies-que-los-sitios-we\" target=\"_blank\" rel=\"noreferrer noopener nofollow\">https:\/\/support.mozilla.org\/es\/kb\/habilitar-y-deshabilitar-cookies-sitios-web-rastrear-preferencias?redirectlocale=es&amp;redirectslug=habilitar-y-deshabilitar-cookies-que-los-sitios-we<\/a><\/span><\/p><p><span style=\"color: #000000;\"><span style=\"color: #00318d;\"><strong>Apple Safari<\/strong>\u00a0<\/span><a style=\"color: #000000;\" href=\"https:\/\/support.apple.com\/es-es\/HT201265\" target=\"_blank\" rel=\"noreferrer noopener nofollow\">https:\/\/support.apple.com\/es-es\/HT201265<\/a><\/span><\/p><p><span style=\"color: #000000;\">Si tens qualsevol dubte sobre aquesta Pol\u00edtica de Cookies, pots contactar amb nosaltres enviant-nos un mail a <a href=\"mailto:info@fisioterapiacf.com\"><span style=\"color: #00318d;\">info@fisioterapiacf.com<\/span><\/a><\/span><\/p>\t\t\t\t\t\t\t\t<\/div>\n\t\t\t\t<\/div>\n\t\t\t\t\t<\/div>\n\t\t\t\t<\/div>\n\t\t\t\t<\/div>","protected":false},"excerpt":{"rendered":"<p>Politica de cookies de la p\u00e1gina web <\/p>","protected":false},"author":1,"featured_media":0,"parent":0,"menu_order":7,"comment_status":"closed","ping_status":"closed","template":"elementor_header_footer","meta":{"footnotes":""},"class_list":["post-617","page","type-page","status-publish","hentry"],"_links":{"self":[{"href":"https:\/\/fisioterapiacf.com\/ca\/wp-json\/wp\/v2\/pages\/617","targetHints":{"allow":["GET"]}}],"collection":[{"href":"https:\/\/fisioterapiacf.com\/ca\/wp-json\/wp\/v2\/pages"}],"about":[{"href":"https:\/\/fisioterapiacf.com\/ca\/wp-json\/wp\/v2\/types\/page"}],"author":[{"embeddable":true,"href":"https:\/\/fisioterapiacf.com\/ca\/wp-json\/wp\/v2\/users\/1"}],"replies":[{"embeddable":true,"href":"https:\/\/fisioterapiacf.com\/ca\/wp-json\/wp\/v2\/comments?post=617"}],"version-history":[{"count":15,"href":"https:\/\/fisioterapiacf.com\/ca\/wp-json\/wp\/v2\/pages\/617\/revisions"}],"predecessor-version":[{"id":1230,"href":"https:\/\/fisioterapiacf.com\/ca\/wp-json\/wp\/v2\/pages\/617\/revisions\/1230"}],"wp:attachment":[{"href":"https:\/\/fisioterapiacf.com\/ca\/wp-json\/wp\/v2\/media?parent=617"}],"curies":[{"name":"wp","href":"https:\/\/api.w.org\/{rel}","templated":true}]}}