{"id":768,"date":"2026-03-09T11:33:12","date_gmt":"2026-03-09T11:33:12","guid":{"rendered":"https:\/\/fisioterapiacf.com\/?page_id=768"},"modified":"2026-04-26T16:13:27","modified_gmt":"2026-04-26T16:13:27","slug":"politica-de-privacidad-2","status":"publish","type":"page","link":"https:\/\/fisioterapiacf.com\/ca\/politica-de-privacidad-2\/","title":{"rendered":"Pol\u00edtica de cancelaci\u00f3n y devoluciones"},"content":{"rendered":"<div data-elementor-type=\"wp-page\" data-elementor-id=\"768\" class=\"elementor elementor-768\" data-elementor-post-type=\"page\">\n\t\t\t\t\t\t<section class=\"elementor-section elementor-top-section elementor-element elementor-element-70b89cc0 elementor-section-full_width elementor-section-height-min-height elementor-section-height-default elementor-section-items-middle\" data-id=\"70b89cc0\" data-element_type=\"section\" data-e-type=\"section\" data-settings=\"{&quot;background_background&quot;:&quot;gradient&quot;}\">\n\t\t\t\t\t\t<div class=\"elementor-container elementor-column-gap-default\">\n\t\t\t\t\t<div class=\"elementor-column elementor-col-100 elementor-top-column elementor-element elementor-element-4efe442a elementor-invisible\" data-id=\"4efe442a\" data-element_type=\"column\" data-e-type=\"column\" data-settings=\"{&quot;background_background&quot;:&quot;classic&quot;,&quot;animation&quot;:&quot;fadeInUp&quot;}\">\n\t\t\t<div class=\"elementor-widget-wrap elementor-element-populated\">\n\t\t\t\t\t\t<div class=\"elementor-element elementor-element-21374bbd elementor-widget elementor-widget-heading\" data-id=\"21374bbd\" data-element_type=\"widget\" data-e-type=\"widget\" data-widget_type=\"heading.default\">\n\t\t\t\t<div class=\"elementor-widget-container\">\n\t\t\t\t\t<h1 class=\"elementor-heading-title elementor-size-default\">Pol\u00edtica de cancelaci\u00f3n y devoluciones<\/h1>\t\t\t\t<\/div>\n\t\t\t\t<\/div>\n\t\t\t\t\t<\/div>\n\t\t<\/div>\n\t\t\t\t\t<\/div>\n\t\t<\/section>\n\t\t<div class=\"elementor-element elementor-element-4095135 e-flex e-con-boxed e-con e-parent\" data-id=\"4095135\" data-element_type=\"container\" data-e-type=\"container\">\n\t\t\t\t\t<div class=\"e-con-inner\">\n\t\t\t\t<div class=\"elementor-element elementor-element-395b8c8 elementor-widget elementor-widget-text-editor\" data-id=\"395b8c8\" data-element_type=\"widget\" data-e-type=\"widget\" data-widget_type=\"text-editor.default\">\n\t\t\t\t<div class=\"elementor-widget-container\">\n\t\t\t\t\t\t\t\t\t<p><span style=\"color: #000000;\">En cumplimiento de la normativa vigente en materia de comercio electr\u00f3nico y protecci\u00f3n de consumidores, se establecen las siguientes condiciones para los pagos y reservas realizadas a trav\u00e9s de esta p\u00e1gina web.<\/span><\/p><h3 style=\"text-align: left;\" data-section-id=\"osutgx\" data-start=\"666\" data-end=\"693\"><strong>1. Reserva de servicios<\/strong><\/h3><p data-start=\"694\" data-end=\"843\"><span style=\"color: #000000;\">Los pagos realizados a trav\u00e9s de esta web corresponden a la <strong data-start=\"754\" data-end=\"818\">reserva de citas o contrataci\u00f3n de servicios de fisioterapia<\/strong> ofrecidos por el centro.<\/span><\/p><h3 style=\"text-align: left;\" data-section-id=\"1iqqbr\" data-start=\"845\" data-end=\"872\"><strong>2. Cancelaci\u00f3n de citas<\/strong><\/h3><p data-start=\"873\" data-end=\"1027\"><span style=\"color: #000000;\">El usuario podr\u00e1 <strong data-start=\"890\" data-end=\"971\">cancelar o modificar su cita avisando con un m\u00ednimo de 24 horas de antelaci\u00f3n<\/strong> utilizando los datos de contacto indicados en esta web.<\/span><\/p><h3 style=\"text-align: left;\" data-section-id=\"1k5akyv\" data-start=\"1029\" data-end=\"1048\"><strong>3. Devoluciones<\/strong><\/h3><p data-start=\"1049\" data-end=\"1125\"><span style=\"color: #000000;\">Si la cancelaci\u00f3n se realiza dentro del plazo establecido, el cliente podr\u00e1:<\/span><\/p><ul data-start=\"1127\" data-end=\"1215\"><li data-section-id=\"mhkek1\" data-start=\"1127\" data-end=\"1165\"><p data-start=\"1129\" data-end=\"1165\"><span style=\"color: #000000;\">Solicitar un <strong data-start=\"1142\" data-end=\"1160\">cambio de cita<\/strong>, o<\/span><\/p><\/li><li data-section-id=\"1157i78\" data-start=\"1166\" data-end=\"1215\"><p data-start=\"1168\" data-end=\"1215\"><span style=\"color: #000000;\">Solicitar el <strong data-start=\"1181\" data-end=\"1214\">reembolso del importe abonado<\/strong>.<\/span><\/p><\/li><\/ul><h3 style=\"text-align: left;\" data-section-id=\"h219m2\" data-start=\"1217\" data-end=\"1252\"><strong>4. Cancelaciones fuera de plazo<\/strong><\/h3><p data-start=\"1253\" data-end=\"1433\"><span style=\"color: #000000;\">Si el cliente cancela con <strong data-start=\"1279\" data-end=\"1314\">menos de 24 horas de antelaci\u00f3n<\/strong> o no se presenta a la cita, el servicio se considerar\u00e1 reservado y <strong data-start=\"1382\" data-end=\"1432\">no se realizar\u00e1 devoluci\u00f3n del importe abonado<\/strong>.<\/span><\/p><h3 style=\"text-align: left;\" data-section-id=\"1eoi4sy\" data-start=\"1435\" data-end=\"1450\"><strong>5. Contacto<\/strong><\/h3><p data-start=\"1451\" data-end=\"1538\"><span style=\"color: #000000;\">Para cualquier solicitud de cancelaci\u00f3n, modificaci\u00f3n o devoluci\u00f3n puede contactar con:<\/span><\/p><p data-start=\"1540\" data-end=\"1623\"><span style=\"color: #000000;\"><strong data-start=\"1540\" data-end=\"1569\">Cristina Fondevila Llevot<\/strong><\/span><br data-start=\"1569\" data-end=\"1572\" \/><span style=\"color: #000000;\">C\/ Ramon i Cajal 4 Altell 2<\/span><br data-start=\"1599\" data-end=\"1602\" \/><span style=\"color: #000000;\">25003 Lleida (Espa\u00f1a)<\/span><\/p><p data-start=\"1540\" data-end=\"1623\"><span style=\"color: #000000;\">CIF\/NIF: 78077983K<\/span><\/p><p data-start=\"1625\" data-end=\"1692\"><span style=\"color: #000000;\">Tel\u00e8fon: <strong data-start=\"1635\" data-end=\"1650\">630 881 567<\/strong><\/span><br data-start=\"1650\" data-end=\"1653\" \/><span style=\"color: #000000;\">Email: <a href=\"mailto:info@fisioterapiacf.com\">info@fisioterapiacf.com<\/a><\/span><\/p>\t\t\t\t\t\t\t\t<\/div>\n\t\t\t\t<\/div>\n\t\t\t\t\t<\/div>\n\t\t\t\t<\/div>\n\t\t\t\t<\/div>","protected":false},"excerpt":{"rendered":"<p>Pol\u00edtica de privacidad de la web fisioterapiaenlleida.com.<\/p>","protected":false},"author":3,"featured_media":0,"parent":0,"menu_order":8,"comment_status":"closed","ping_status":"closed","template":"elementor_header_footer","meta":{"footnotes":""},"class_list":["post-768","page","type-page","status-publish","hentry"],"_links":{"self":[{"href":"https:\/\/fisioterapiacf.com\/ca\/wp-json\/wp\/v2\/pages\/768","targetHints":{"allow":["GET"]}}],"collection":[{"href":"https:\/\/fisioterapiacf.com\/ca\/wp-json\/wp\/v2\/pages"}],"about":[{"href":"https:\/\/fisioterapiacf.com\/ca\/wp-json\/wp\/v2\/types\/page"}],"author":[{"embeddable":true,"href":"https:\/\/fisioterapiacf.com\/ca\/wp-json\/wp\/v2\/users\/3"}],"replies":[{"embeddable":true,"href":"https:\/\/fisioterapiacf.com\/ca\/wp-json\/wp\/v2\/comments?post=768"}],"version-history":[{"count":41,"href":"https:\/\/fisioterapiacf.com\/ca\/wp-json\/wp\/v2\/pages\/768\/revisions"}],"predecessor-version":[{"id":1233,"href":"https:\/\/fisioterapiacf.com\/ca\/wp-json\/wp\/v2\/pages\/768\/revisions\/1233"}],"wp:attachment":[{"href":"https:\/\/fisioterapiacf.com\/ca\/wp-json\/wp\/v2\/media?parent=768"}],"curies":[{"name":"wp","href":"https:\/\/api.w.org\/{rel}","templated":true}]}}